{"id":848,"date":"2018-06-08T05:58:53","date_gmt":"2018-06-08T05:58:53","guid":{"rendered":"http:\/\/ninus.co\/contact-us\/"},"modified":"2022-05-25T20:07:43","modified_gmt":"2022-05-25T20:07:43","slug":"contactanos","status":"publish","type":"page","link":"https:\/\/ninus.co\/es\/contactanos\/","title":{"rendered":"Cont\u00e1ctanos"},"content":{"rendered":"<div class=\"wpb-content-wrapper\"><!-- CWS Row --><div class=\"cws-content\" style=\"background-size:;\"><div data-vc-full-width=\"true\" data-vc-full-width-init=\"false\" class=\"vc_row wpb_row vc_row-fluid vc_custom_1538574325051 vc_row-has-fill\"><div class=\"wpb_column vc_column_container vc_col-sm-12 vc_col-md-4 cws-column\"><div class=\"cws_vc_column-inner \"><div class=\"wpb_column vc_column_container vc_col-sm-12 vc_col-md-4\"><div class=\"vc_column-inner\"><div class=\"wpb_wrapper\"><div class=\"cws_spacing cws_spacing_size_sm_desctop-on cws_spacing_tablet-on cws_spacing_mobile-on\"><div class=\"cws_spacing cws_spacing_default\" style=\"height:90px;\"><\/div> <div class=\"cws_spacing cws_spacing_size_sm_desctop\" style=\"height:90px;\"><\/div> <div class=\"cws_spacing cws_spacing_tablet\" style=\"height:90px;\"><\/div> <div class=\"cws_spacing cws_spacing_mobile\" style=\"height:50px;\"><\/div><\/div><div class='cws_textmodule cws_vc_shortcode_module' id='cws_textmodule_69d4ddf65bef0'><div class='cws_textmodule_wrapper '><div class='cws_textmodule_text text_align_left'><div class='cws_textmodule_titles display_block'><h4 class='cws_textmodule_subtitle'>Tienes una<\/h4><h3 class='cws_textmodule_title'><strong>Pregunta?<\/strong><\/h3><\/div><div class='cws_textmodule_content'><div class='text_content_wrapper'><ul class=\"square_style\">\n<li>Por favor cu\u00e9ntanos cu\u00e1l es tu pregunta, con gusto la atenderemos.<\/li>\n<\/ul>\n<\/div><\/div><\/div><\/div><\/div><div id='cws_service_item_69d4ddf65c2f6' class='cws_service_item cws_vc_shortcode_module title_beside a-left'><div class='cws_service_item_wrapper clearfix'><span class='cws_searvice_icon_wrapper cws_searvice_side'><i class='cws_service_icon cws_vc_shortcode_icon_3\u0445 flaticon-facebook-placeholder-for-locate-places-on-maps'><\/i><\/span><div class='cws_service_info'><h6 class='cws_service_title standard_spacing'>DIRECCI\u00d3N:<\/h6><div class='cws_service_desc clearfix'><div class=\"footer_info\"><span style=\"color: #808080;\">Carrera 60 # 10-40<\/span><\/div>\n<div class=\"footer_info\"><span style=\"color: #808080;\">Barrio Santa Anita<\/span><\/div>\n<div class=\"footer_info\"><span style=\"color: #808080;\">Cali, Colombia<\/span><\/div>\n<div class=\"footer_info\"><\/div>\n<div class=\"footer_info\"><\/div>\n<\/div><\/div><\/div><\/div><div id='cws_service_item_69d4ddf65c607' class='cws_service_item cws_vc_shortcode_module title_beside a-left  vc_custom_1585088549700'><div class='cws_service_item_wrapper clearfix'><span class='cws_searvice_icon_wrapper cws_searvice_side'><i class='cws_service_icon cws_vc_shortcode_icon_3\u0445 flaticon-technology-4'><\/i><\/span><div class='cws_service_info'><h6 class='cws_service_title standard_spacing'>SERVICIO AL CLIENTE:<\/h6><div class='cws_service_desc clearfix'><p>+57 301 782 8978<\/p>\n<p>+57 301 337 3550<\/p>\n<\/div><\/div><\/div><\/div><div id='cws_service_item_69d4ddf65c964' class='cws_service_item cws_vc_shortcode_module title_beside a-left  vc_custom_1585088003064'><div class='cws_service_item_wrapper clearfix'><span class='cws_searvice_icon_wrapper cws_searvice_side'><i class='cws_service_icon cws_vc_shortcode_icon_3\u0445 flaticon-dark'><\/i><\/span><div class='cws_service_info'><h6 class='cws_service_title standard_spacing'>NUESTROS EMAILS:<\/h6><div class='cws_service_desc clearfix'><p style=\"margin-bottom: 0px;\"><a href=\"mailto:camilobarco@ninus.co\"><span style=\"color: #808080;\">camilobarco@ninus.co<\/span><\/a><\/p>\n<p style=\"margin-top: 0px;\"><span style=\"color: #808080;\"><a style=\"color: #808080;\" href=\"mailto:linaespinosa@ninus.co\">linaespinosa@ninus.co<\/a><\/span><\/p>\n<\/div><\/div><\/div><\/div><div id=\"trendustry_soc_icon_69d4ddf65ca1d\" class=\"cws_social_icons icon_size_regular a-left\"><a href='https:\/\/www.facebook.com\/Ninustech' class='cws_icon ' style='color:#ffffff;background:#1d2d46;border-color:#1d2d46;font-size:15px;' target='_blank'  title='Facebook'><\/a><a href='https:\/\/www.instagram.com\/ninustech\/' class='cws_icon ' style='color:#ffffff;background:#1d2d46;border-color:#1d2d46;font-size:15px;' target='_blank'  title='Instagram'><\/a><a href='https:\/\/co.linkedin.com\/company\/ninusdyt' class='cws_icon ' style='color:#ffffff;background:#1d2d46;border-color:#1d2d46;font-size:15px;' target='_blank'  title='Linkedin'><\/a><\/div><\/div><\/div><\/div><!-- CWS Column --> <\/div><\/div><div class=\"wpb_column vc_column_container vc_col-sm-12 vc_col-md-8 cws-column\"><div class=\"cws_vc_column-inner \"><div class=\"wpb_column vc_column_container vc_col-sm-12 vc_col-md-8\"><div class=\"vc_column-inner\"><div class=\"wpb_wrapper\"><div class=\"cws_spacing cws_spacing_size_sm_desctop-on cws_spacing_tablet-on cws_spacing_mobile-on\"><div class=\"cws_spacing cws_spacing_default\" style=\"height:90px;\"><\/div> <div class=\"cws_spacing cws_spacing_size_sm_desctop\" style=\"height:90px;\"><\/div> <div class=\"cws_spacing cws_spacing_tablet\" style=\"height:90px;\"><\/div> <div class=\"cws_spacing cws_spacing_mobile\" style=\"height:70px;\"><\/div><\/div><div class=\"vc_row wpb_row vc_inner vc_row-fluid\"><div class=\"wpb_column vc_column_container vc_col-sm-6\"><div class=\"vc_column-inner\"><div class=\"wpb_wrapper\"><section id='cws_staff_posts_grid_69d4ddf65d5ab' class='posts_grid meta_outside  render_styles cws_staff_posts_grid posts_grid_4 posts_grid_grid clearfix'  data-style='&quot;#cws_staff_posts_grid_69d4ddf65d5ab .cws_staff_post_wrapper:hover{\\n\\t\\t\\t\\tbackground-color: #ffffff;\\n\\t\\t\\t}#cws_staff_posts_grid_69d4ddf65d5ab .cws_staff_post:not(:last-child) .cws_staff_post_wrapper{\\n\\t\\t\\t\\tborder-bottom-color: #ffffff;\\n\\t\\t\\t}#cws_staff_posts_grid_69d4ddf65d5ab .cws_custom_button_wrapper,\\n\\t\\t\\t\\t  #cws_staff_posts_grid_69d4ddf65d5ab .cws_custom_button_wrapper:after{\\n\\t\\t\\t\\tbackground-color: #474747;\\n\\t\\t\\t}#cws_staff_posts_grid_69d4ddf65d5ab .posts_grid_post .cws_staff_photo .link_author:before{background: transparent;}#cws_staff_posts_grid_69d4ddf65d5ab .post_title a{\\n\\t\\t\\t\\tcolor: #474747;\\n\\t\\t\\t}#cws_staff_posts_grid_69d4ddf65d5ab .cws_staff_post_terms a,\\n\\t\\t\\t\\t#cws_staff_posts_grid_69d4ddf65d5ab .cws_staff_post_terms,\\n\\t\\t\\t\\t#cws_staff_posts_grid_69d4ddf65d5ab .tel a,\\n\\t\\t\\t\\t#cws_staff_posts_grid_69d4ddf65d5ab .email a{\\n\\t\\t\\t\\tcolor: #3e75fc;\\n\\t\\t\\t}#cws_staff_posts_grid_69d4ddf65d5ab .cws_staff_post .cws_staff_post_terms:before{\\n\\t\\t\\t\\tbackground-color: #3e75fc;\\n\\t\\t\\t}#cws_staff_posts_grid_69d4ddf65d5ab .carousel_nav_panel span {background-color: #474747;}#cws_staff_posts_grid_69d4ddf65d5ab .carousel_nav_panel span:before {color: #ffffff;}#cws_staff_posts_grid_69d4ddf65d5ab .owl-pagination .owl-page {background-color: #3e75fc;}&quot;' ><div class='cws_vc_shortcode_wrapper'><div class='cws_vc_shortcode_grid isotope'><\/div><\/div><\/section><\/div><\/div><\/div><div class=\"wpb_column vc_column_container vc_col-sm-6\"><div class=\"vc_column-inner\"><div class=\"wpb_wrapper\"><section id='cws_staff_posts_grid_69d4ddf65fed9' class='posts_grid meta_outside  render_styles cws_staff_posts_grid posts_grid_4 posts_grid_grid clearfix'  data-style='&quot;#cws_staff_posts_grid_69d4ddf65fed9 .cws_staff_post_wrapper:hover{\\n\\t\\t\\t\\tbackground-color: #ffffff;\\n\\t\\t\\t}#cws_staff_posts_grid_69d4ddf65fed9 .cws_staff_post:not(:last-child) .cws_staff_post_wrapper{\\n\\t\\t\\t\\tborder-bottom-color: #ffffff;\\n\\t\\t\\t}#cws_staff_posts_grid_69d4ddf65fed9 .cws_custom_button_wrapper,\\n\\t\\t\\t\\t  #cws_staff_posts_grid_69d4ddf65fed9 .cws_custom_button_wrapper:after{\\n\\t\\t\\t\\tbackground-color: #474747;\\n\\t\\t\\t}#cws_staff_posts_grid_69d4ddf65fed9 .posts_grid_post .cws_staff_photo .link_author:before{background: transparent;}#cws_staff_posts_grid_69d4ddf65fed9 .post_title a{\\n\\t\\t\\t\\tcolor: #474747;\\n\\t\\t\\t}#cws_staff_posts_grid_69d4ddf65fed9 .cws_staff_post_terms a,\\n\\t\\t\\t\\t#cws_staff_posts_grid_69d4ddf65fed9 .cws_staff_post_terms,\\n\\t\\t\\t\\t#cws_staff_posts_grid_69d4ddf65fed9 .tel a,\\n\\t\\t\\t\\t#cws_staff_posts_grid_69d4ddf65fed9 .email a{\\n\\t\\t\\t\\tcolor: #3e75fc;\\n\\t\\t\\t}#cws_staff_posts_grid_69d4ddf65fed9 .cws_staff_post .cws_staff_post_terms:before{\\n\\t\\t\\t\\tbackground-color: #3e75fc;\\n\\t\\t\\t}#cws_staff_posts_grid_69d4ddf65fed9 .carousel_nav_panel span {background-color: #474747;}#cws_staff_posts_grid_69d4ddf65fed9 .carousel_nav_panel span:before {color: #ffffff;}#cws_staff_posts_grid_69d4ddf65fed9 .owl-pagination .owl-page {background-color: #3e75fc;}&quot;' ><div class='cws_vc_shortcode_wrapper'><div class='cws_vc_shortcode_grid isotope'><\/div><\/div><\/section><\/div><\/div><\/div><\/div><div class=\"cws_spacing cws_spacing_size_sm_desctop-on cws_spacing_tablet-on cws_spacing_mobile-on\"><div class=\"cws_spacing cws_spacing_default\" style=\"height:90px;\"><\/div> <div class=\"cws_spacing cws_spacing_size_sm_desctop\" style=\"height:90px;\"><\/div> <div class=\"cws_spacing cws_spacing_tablet\" style=\"height:90px;\"><\/div> <div class=\"cws_spacing cws_spacing_mobile\" style=\"height:70px;\"><\/div><\/div><div class=\"vc_row wpb_row vc_inner vc_row-fluid\"><div class=\"wpb_column vc_column_container vc_col-sm-12\"><div class=\"vc_column-inner\"><div class=\"wpb_wrapper\">\n<div class=\"wpcf7 no-js\" id=\"wpcf7-f868-o1\" lang=\"en-US\" dir=\"ltr\" data-wpcf7-id=\"868\">\n<div class=\"screen-reader-response\"><p role=\"status\" aria-live=\"polite\" aria-atomic=\"true\"><\/p> <ul><\/ul><\/div>\n<form action=\"\/es\/wp-json\/wp\/v2\/pages\/848#wpcf7-f868-o1\" method=\"post\" class=\"wpcf7-form init\" aria-label=\"Contact form\" novalidate=\"novalidate\" data-status=\"init\">\n<div style=\"display: none;\">\n<input type=\"hidden\" name=\"_wpcf7\" value=\"868\" \/>\n<input type=\"hidden\" name=\"_wpcf7_version\" value=\"6.0.6\" \/>\n<input type=\"hidden\" name=\"_wpcf7_locale\" value=\"en_US\" \/>\n<input type=\"hidden\" name=\"_wpcf7_unit_tag\" value=\"wpcf7-f868-o1\" \/>\n<input type=\"hidden\" name=\"_wpcf7_container_post\" value=\"0\" \/>\n<input type=\"hidden\" name=\"_wpcf7_posted_data_hash\" value=\"\" \/>\n<\/div>\n<p><span class=\"wpcf7-form-control-wrap\" data-name=\"text-577\"><input size=\"40\" maxlength=\"400\" class=\"wpcf7-form-control wpcf7-text wpcf7-validates-as-required cws_width_50\" aria-required=\"true\" aria-invalid=\"false\" placeholder=\"Nombre*\" value=\"\" type=\"text\" name=\"text-577\" \/><\/span>\n<\/p>\n<p><span class=\"wpcf7-form-control-wrap\" data-name=\"text-577\"><input size=\"40\" maxlength=\"400\" class=\"wpcf7-form-control wpcf7-text wpcf7-validates-as-required cws_width_50\" aria-required=\"true\" aria-invalid=\"false\" placeholder=\"Apellido*\" value=\"\" type=\"text\" name=\"text-577\" \/><\/span>\n<\/p>\n<p><span class=\"wpcf7-form-control-wrap\" data-name=\"mail-577\"><input size=\"40\" maxlength=\"400\" class=\"wpcf7-form-control wpcf7-email wpcf7-validates-as-required wpcf7-text wpcf7-validates-as-email cws_width_50\" aria-required=\"true\" aria-invalid=\"false\" placeholder=\"E-mail*\" value=\"\" type=\"email\" name=\"mail-577\" \/><\/span>\n<\/p>\n<p><span class=\"wpcf7-form-control-wrap\" data-name=\"telefon\"><input size=\"40\" maxlength=\"400\" class=\"wpcf7-form-control wpcf7-text wpcf7-validates-as-required cws_width_50 tel\" aria-required=\"true\" aria-invalid=\"false\" placeholder=\"+57 (___) ___-__-__\" value=\"\" type=\"text\" name=\"telefon\" \/><\/span>\n<\/p>\n<p><span class=\"wpcf7-form-control-wrap\" data-name=\"text-508\"><input size=\"40\" maxlength=\"400\" class=\"wpcf7-form-control wpcf7-text wpcf7-validates-as-required cws_width_50\" aria-required=\"true\" aria-invalid=\"false\" placeholder=\"Compa\u00f1ia\" value=\"\" type=\"text\" name=\"text-508\" \/><\/span>\n<\/p>\n<p><span class=\"wpcf7-form-control-wrap\" data-name=\"menu-160\"><select class=\"wpcf7-form-control wpcf7-select wpcf7-validates-as-required cws_width_50\" aria-required=\"true\" aria-invalid=\"false\" name=\"menu-160\"><option value=\"Subject 1\">Subject 1<\/option><option value=\"Subject 2\">Subject 2<\/option><option value=\"Subject 3\">Subject 3<\/option><\/select><\/span>\n<\/p>\n<p><span class=\"wpcf7-form-control-wrap\" data-name=\"textarea-60\"><textarea cols=\"40\" rows=\"5\" maxlength=\"2000\" class=\"wpcf7-form-control wpcf7-textarea\" aria-invalid=\"false\" placeholder=\"Mensaje\" name=\"textarea-60\"><\/textarea><\/span>\n<\/p>\n<p><input class=\"wpcf7-form-control wpcf7-submit has-spinner cws_submit cws_second_color\" type=\"submit\" value=\"Enviar mensaje\" \/>\n<\/p><div class=\"wpcf7-response-output\" aria-hidden=\"true\"><\/div>\n<\/form>\n<\/div>\n<\/div><\/div><\/div><\/div><\/div><\/div><\/div><!-- CWS Column --> <\/div><\/div><\/div><div class=\"vc_row-full-width vc_clearfix\"><\/div><\/div>\n<\/div>","protected":false},"excerpt":{"rendered":"Tienes unaPregunta? Por favor cu\u00e9ntanos cu\u00e1l es tu pregunta, con gusto la atenderemos. DIRECCI\u00d3N:Carrera 60 # 10-40 Barrio Santa Anita Cali, Colombia SERVICIO AL CLIENTE:+57 301 782 8978 +57 301 337 3550 NUESTROS EMAILS:camilobarco@ninus.co linaespinosa@ninus.co Subject 1Subject 2Subject 3","protected":false},"author":1,"featured_media":0,"parent":0,"menu_order":0,"comment_status":"closed","ping_status":"closed","template":"","meta":{"content-type":"","_exactmetrics_skip_tracking":false,"_exactmetrics_sitenote_active":false,"_exactmetrics_sitenote_note":"","_exactmetrics_sitenote_category":0,"footnotes":""},"class_list":["post-848","page","type-page","status-publish","hentry"],"yoast_head":"<!-- This site is optimized with the Yoast SEO plugin v24.9 - https:\/\/yoast.com\/wordpress\/plugins\/seo\/ -->\n<title>Cont\u00e1ctanos - Ninus Design &amp; Technology<\/title>\n<meta name=\"robots\" content=\"index, follow, max-snippet:-1, max-image-preview:large, max-video-preview:-1\" \/>\n<link rel=\"canonical\" href=\"https:\/\/ninus.co\/es\/contactanos\/\" \/>\n<meta property=\"og:locale\" content=\"es_ES\" \/>\n<meta property=\"og:type\" content=\"article\" \/>\n<meta property=\"og:title\" content=\"Cont\u00e1ctanos - Ninus Design &amp; Technology\" \/>\n<meta property=\"og:url\" content=\"https:\/\/ninus.co\/es\/contactanos\/\" \/>\n<meta property=\"og:site_name\" content=\"Ninus Design &amp; Technology\" \/>\n<meta property=\"article:publisher\" content=\"https:\/\/www.facebook.com\/NinusDyT\/\" \/>\n<meta property=\"article:modified_time\" content=\"2022-05-25T20:07:43+00:00\" \/>\n<meta name=\"twitter:card\" content=\"summary_large_image\" \/>\n<meta name=\"twitter:site\" content=\"@Ninus_deyt\" \/>\n<meta name=\"twitter:label1\" content=\"Tiempo de lectura\" \/>\n\t<meta name=\"twitter:data1\" content=\"2 minutos\" \/>\n<script type=\"application\/ld+json\" class=\"yoast-schema-graph\">{\"@context\":\"https:\/\/schema.org\",\"@graph\":[{\"@type\":\"WebPage\",\"@id\":\"https:\/\/ninus.co\/contactanos\/\",\"url\":\"https:\/\/ninus.co\/contactanos\/\",\"name\":\"Cont\u00e1ctanos - Ninus Design &amp; Technology\",\"isPartOf\":{\"@id\":\"https:\/\/ninus.co\/es\/#website\"},\"datePublished\":\"2018-06-08T05:58:53+00:00\",\"dateModified\":\"2022-05-25T20:07:43+00:00\",\"breadcrumb\":{\"@id\":\"https:\/\/ninus.co\/contactanos\/#breadcrumb\"},\"inLanguage\":\"es-CO\",\"potentialAction\":[{\"@type\":\"ReadAction\",\"target\":[\"https:\/\/ninus.co\/contactanos\/\"]}]},{\"@type\":\"BreadcrumbList\",\"@id\":\"https:\/\/ninus.co\/contactanos\/#breadcrumb\",\"itemListElement\":[{\"@type\":\"ListItem\",\"position\":1,\"name\":\"Home\",\"item\":\"https:\/\/ninus.co\/\"},{\"@type\":\"ListItem\",\"position\":2,\"name\":\"Cont\u00e1ctanos\"}]},{\"@type\":\"WebSite\",\"@id\":\"https:\/\/ninus.co\/es\/#website\",\"url\":\"https:\/\/ninus.co\/es\/\",\"name\":\"Ninus Design & Technology\",\"description\":\"Creando el futuro\",\"publisher\":{\"@id\":\"https:\/\/ninus.co\/es\/#organization\"},\"potentialAction\":[{\"@type\":\"SearchAction\",\"target\":{\"@type\":\"EntryPoint\",\"urlTemplate\":\"https:\/\/ninus.co\/es\/?s={search_term_string}\"},\"query-input\":{\"@type\":\"PropertyValueSpecification\",\"valueRequired\":true,\"valueName\":\"search_term_string\"}}],\"inLanguage\":\"es-CO\"},{\"@type\":\"Organization\",\"@id\":\"https:\/\/ninus.co\/es\/#organization\",\"name\":\"Ninus Design & Technology\",\"url\":\"https:\/\/ninus.co\/es\/\",\"logo\":{\"@type\":\"ImageObject\",\"inLanguage\":\"es-CO\",\"@id\":\"https:\/\/ninus.co\/es\/#\/schema\/logo\/image\/\",\"url\":\"https:\/\/ninus.co\/wp-content\/uploads\/2019\/04\/Logo-nuevo-fondo-transparente-1.png\",\"contentUrl\":\"https:\/\/ninus.co\/wp-content\/uploads\/2019\/04\/Logo-nuevo-fondo-transparente-1.png\",\"width\":960,\"height\":960,\"caption\":\"Ninus Design & Technology\"},\"image\":{\"@id\":\"https:\/\/ninus.co\/es\/#\/schema\/logo\/image\/\"},\"sameAs\":[\"https:\/\/www.facebook.com\/NinusDyT\/\",\"https:\/\/x.com\/Ninus_deyt\",\"https:\/\/www.instagram.com\/ninusdesignandtechnology\/\",\"https:\/\/www.linkedin.com\/company\/ninusdyt\/\",\"https:\/\/www.youtube.com\/channel\/UCmR4PVtt0mg5TnaQpt--rLQ\"]}]}<\/script>\n<!-- \/ Yoast SEO plugin. -->","yoast_head_json":{"title":"Cont\u00e1ctanos - Ninus Design &amp; Technology","robots":{"index":"index","follow":"follow","max-snippet":"max-snippet:-1","max-image-preview":"max-image-preview:large","max-video-preview":"max-video-preview:-1"},"canonical":"https:\/\/ninus.co\/es\/contactanos\/","og_locale":"es_ES","og_type":"article","og_title":"Cont\u00e1ctanos - Ninus Design &amp; Technology","og_url":"https:\/\/ninus.co\/es\/contactanos\/","og_site_name":"Ninus Design &amp; Technology","article_publisher":"https:\/\/www.facebook.com\/NinusDyT\/","article_modified_time":"2022-05-25T20:07:43+00:00","twitter_card":"summary_large_image","twitter_site":"@Ninus_deyt","twitter_misc":{"Tiempo de lectura":"2 minutos"},"schema":{"@context":"https:\/\/schema.org","@graph":[{"@type":"WebPage","@id":"https:\/\/ninus.co\/contactanos\/","url":"https:\/\/ninus.co\/contactanos\/","name":"Cont\u00e1ctanos - Ninus Design &amp; Technology","isPartOf":{"@id":"https:\/\/ninus.co\/es\/#website"},"datePublished":"2018-06-08T05:58:53+00:00","dateModified":"2022-05-25T20:07:43+00:00","breadcrumb":{"@id":"https:\/\/ninus.co\/contactanos\/#breadcrumb"},"inLanguage":"es-CO","potentialAction":[{"@type":"ReadAction","target":["https:\/\/ninus.co\/contactanos\/"]}]},{"@type":"BreadcrumbList","@id":"https:\/\/ninus.co\/contactanos\/#breadcrumb","itemListElement":[{"@type":"ListItem","position":1,"name":"Home","item":"https:\/\/ninus.co\/"},{"@type":"ListItem","position":2,"name":"Cont\u00e1ctanos"}]},{"@type":"WebSite","@id":"https:\/\/ninus.co\/es\/#website","url":"https:\/\/ninus.co\/es\/","name":"Ninus Design & Technology","description":"Creando el futuro","publisher":{"@id":"https:\/\/ninus.co\/es\/#organization"},"potentialAction":[{"@type":"SearchAction","target":{"@type":"EntryPoint","urlTemplate":"https:\/\/ninus.co\/es\/?s={search_term_string}"},"query-input":{"@type":"PropertyValueSpecification","valueRequired":true,"valueName":"search_term_string"}}],"inLanguage":"es-CO"},{"@type":"Organization","@id":"https:\/\/ninus.co\/es\/#organization","name":"Ninus Design & Technology","url":"https:\/\/ninus.co\/es\/","logo":{"@type":"ImageObject","inLanguage":"es-CO","@id":"https:\/\/ninus.co\/es\/#\/schema\/logo\/image\/","url":"https:\/\/ninus.co\/wp-content\/uploads\/2019\/04\/Logo-nuevo-fondo-transparente-1.png","contentUrl":"https:\/\/ninus.co\/wp-content\/uploads\/2019\/04\/Logo-nuevo-fondo-transparente-1.png","width":960,"height":960,"caption":"Ninus Design & Technology"},"image":{"@id":"https:\/\/ninus.co\/es\/#\/schema\/logo\/image\/"},"sameAs":["https:\/\/www.facebook.com\/NinusDyT\/","https:\/\/x.com\/Ninus_deyt","https:\/\/www.instagram.com\/ninusdesignandtechnology\/","https:\/\/www.linkedin.com\/company\/ninusdyt\/","https:\/\/www.youtube.com\/channel\/UCmR4PVtt0mg5TnaQpt--rLQ"]}]}},"_links":{"self":[{"href":"https:\/\/ninus.co\/es\/wp-json\/wp\/v2\/pages\/848"}],"collection":[{"href":"https:\/\/ninus.co\/es\/wp-json\/wp\/v2\/pages"}],"about":[{"href":"https:\/\/ninus.co\/es\/wp-json\/wp\/v2\/types\/page"}],"author":[{"embeddable":true,"href":"https:\/\/ninus.co\/es\/wp-json\/wp\/v2\/users\/1"}],"replies":[{"embeddable":true,"href":"https:\/\/ninus.co\/es\/wp-json\/wp\/v2\/comments?post=848"}],"version-history":[{"count":9,"href":"https:\/\/ninus.co\/es\/wp-json\/wp\/v2\/pages\/848\/revisions"}],"predecessor-version":[{"id":56078,"href":"https:\/\/ninus.co\/es\/wp-json\/wp\/v2\/pages\/848\/revisions\/56078"}],"wp:attachment":[{"href":"https:\/\/ninus.co\/es\/wp-json\/wp\/v2\/media?parent=848"}],"curies":[{"name":"wp","href":"https:\/\/api.w.org\/{rel}","templated":true}]}}