{"id":56030,"date":"2021-12-06T20:28:22","date_gmt":"2021-12-06T20:28:22","guid":{"rendered":"https:\/\/ninus.co\/?page_id=56030"},"modified":"2021-12-06T22:04:27","modified_gmt":"2021-12-06T22:04:27","slug":"proteccion-de-datos-subprocesadores","status":"publish","type":"page","link":"https:\/\/ninus.co\/es\/proteccion-de-datos-subprocesadores\/","title":{"rendered":"Proteccion de datos &#8211; Subprocesadores"},"content":{"rendered":"<div class=\"wpb-content-wrapper\"><!-- CWS Row --><div class=\"cws-content\" style=\"background-size:;\"><div class=\"vc_row wpb_row vc_row-fluid\"><div class=\"wpb_column vc_column_container vc_col-sm-12 cws-column\"><div class=\"cws_vc_column-inner \"><div class=\"wpb_column vc_column_container vc_col-sm-12\"><div class=\"vc_column-inner\"><div class=\"wpb_wrapper\">\n\t<div class=\"wpb_text_column wpb_content_element\" >\n\t\t<div class=\"wpb_wrapper\">\n\t\t\t<p><strong>LISTA DE SUB PROCESADORES<\/strong><\/p>\n<p>Con el objetivo de garantizar una prestaci\u00f3n eficiente de los Servicios NINUS DESIGN &amp; TECHNOLOGY S.A.S. respecto a sus servicios o productos digitales,\u00a0 contrata a\u00a0 terceros como subprocesadores. Para proporcionar funcionalidades espec\u00edficas dentro de los Servicios NINUS, estos Subprocesadores pueden tener acceso a los datos personales procesados \u200b\u200ben nombre de los clientes, seg\u00fan se especifica en el acuerdo de procesamiento de datos celebrado con el cliente.<\/p>\n<p>NINUS cuenta con terceros confiables que respaldan la prestaci\u00f3n de sus servicios y el almacenamiento de los Datos del Cliente de acuerdo con las preferencias y elecci\u00f3n.<\/p>\n<p>Puede encontrar una lista actualizada de subprocesadores a continuaci\u00f3n:<\/p>\n<ul>\n<li>Google Cloud Services<\/li>\n<li>Gushup<\/li>\n<li>Meta services<\/li>\n<\/ul>\n\n\t\t<\/div>\n\t<\/div>\n<\/div><\/div><\/div><!-- CWS Column --> <\/div><\/div><\/div><\/div>\n<\/div>","protected":false},"excerpt":{"rendered":"LISTA DE SUB PROCESADORES Con el objetivo de garantizar una prestaci\u00f3n eficiente de los Servicios NINUS DESIGN &amp; TECHNOLOGY S.A.S. respecto a sus servicios o productos digitales,\u00a0 contrata a\u00a0 terceros como subprocesadores. Para proporcionar funcionalidades espec\u00edficas dentro de los Servicios NINUS, estos Subprocesadores pueden tener acceso a los datos personales procesados \u200b\u200ben nombre de los clientes, seg\u00fan se especifica en el acuerdo de procesamiento de datos celebrado con el cliente. NINUS cuenta con terceros confiables que respaldan la prestaci\u00f3n de sus servicios y el almacenamiento de los Datos del Cliente de acuerdo con las preferencias y elecci\u00f3n. Puede encontrar una lista actualizada de subprocesadores a continuaci\u00f3n: Google Cloud Services Gushup Meta services","protected":false},"author":2,"featured_media":0,"parent":0,"menu_order":0,"comment_status":"closed","ping_status":"closed","template":"","meta":{"content-type":"","_exactmetrics_skip_tracking":false,"_exactmetrics_sitenote_active":false,"_exactmetrics_sitenote_note":"","_exactmetrics_sitenote_category":0,"footnotes":""},"class_list":["post-56030","page","type-page","status-publish","hentry"],"yoast_head":"<!-- This site is optimized with the Yoast SEO plugin v24.9 - https:\/\/yoast.com\/wordpress\/plugins\/seo\/ -->\n<title>Proteccion de datos - Subprocesadores - Ninus Design &amp; Technology<\/title>\n<meta name=\"robots\" content=\"index, follow, max-snippet:-1, max-image-preview:large, max-video-preview:-1\" \/>\n<link rel=\"canonical\" href=\"https:\/\/ninus.co\/es\/proteccion-de-datos-subprocesadores\/\" \/>\n<meta property=\"og:locale\" content=\"es_ES\" \/>\n<meta property=\"og:type\" content=\"article\" \/>\n<meta property=\"og:title\" content=\"Proteccion de datos - Subprocesadores - Ninus Design &amp; Technology\" \/>\n<meta property=\"og:url\" content=\"https:\/\/ninus.co\/es\/proteccion-de-datos-subprocesadores\/\" \/>\n<meta property=\"og:site_name\" content=\"Ninus Design &amp; Technology\" \/>\n<meta property=\"article:publisher\" content=\"https:\/\/www.facebook.com\/NinusDyT\/\" \/>\n<meta property=\"article:modified_time\" content=\"2021-12-06T22:04:27+00:00\" \/>\n<meta name=\"twitter:card\" content=\"summary_large_image\" \/>\n<meta name=\"twitter:site\" content=\"@Ninus_deyt\" \/>\n<meta name=\"twitter:label1\" content=\"Tiempo de lectura\" \/>\n\t<meta name=\"twitter:data1\" content=\"1 minuto\" \/>\n<script type=\"application\/ld+json\" class=\"yoast-schema-graph\">{\"@context\":\"https:\/\/schema.org\",\"@graph\":[{\"@type\":\"WebPage\",\"@id\":\"https:\/\/ninus.co\/es\/proteccion-de-datos-subprocesadores\/\",\"url\":\"https:\/\/ninus.co\/es\/proteccion-de-datos-subprocesadores\/\",\"name\":\"Proteccion de datos - Subprocesadores - Ninus Design &amp; Technology\",\"isPartOf\":{\"@id\":\"https:\/\/ninus.co\/es\/#website\"},\"datePublished\":\"2021-12-06T20:28:22+00:00\",\"dateModified\":\"2021-12-06T22:04:27+00:00\",\"breadcrumb\":{\"@id\":\"https:\/\/ninus.co\/es\/proteccion-de-datos-subprocesadores\/#breadcrumb\"},\"inLanguage\":\"es-CO\",\"potentialAction\":[{\"@type\":\"ReadAction\",\"target\":[\"https:\/\/ninus.co\/es\/proteccion-de-datos-subprocesadores\/\"]}]},{\"@type\":\"BreadcrumbList\",\"@id\":\"https:\/\/ninus.co\/es\/proteccion-de-datos-subprocesadores\/#breadcrumb\",\"itemListElement\":[{\"@type\":\"ListItem\",\"position\":1,\"name\":\"Home\",\"item\":\"https:\/\/ninus.co\/\"},{\"@type\":\"ListItem\",\"position\":2,\"name\":\"Proteccion de datos &#8211; Subprocesadores\"}]},{\"@type\":\"WebSite\",\"@id\":\"https:\/\/ninus.co\/es\/#website\",\"url\":\"https:\/\/ninus.co\/es\/\",\"name\":\"Ninus Design & Technology\",\"description\":\"Creando el futuro\",\"publisher\":{\"@id\":\"https:\/\/ninus.co\/es\/#organization\"},\"potentialAction\":[{\"@type\":\"SearchAction\",\"target\":{\"@type\":\"EntryPoint\",\"urlTemplate\":\"https:\/\/ninus.co\/es\/?s={search_term_string}\"},\"query-input\":{\"@type\":\"PropertyValueSpecification\",\"valueRequired\":true,\"valueName\":\"search_term_string\"}}],\"inLanguage\":\"es-CO\"},{\"@type\":\"Organization\",\"@id\":\"https:\/\/ninus.co\/es\/#organization\",\"name\":\"Ninus Design & Technology\",\"url\":\"https:\/\/ninus.co\/es\/\",\"logo\":{\"@type\":\"ImageObject\",\"inLanguage\":\"es-CO\",\"@id\":\"https:\/\/ninus.co\/es\/#\/schema\/logo\/image\/\",\"url\":\"https:\/\/ninus.co\/wp-content\/uploads\/2019\/04\/Logo-nuevo-fondo-transparente-1.png\",\"contentUrl\":\"https:\/\/ninus.co\/wp-content\/uploads\/2019\/04\/Logo-nuevo-fondo-transparente-1.png\",\"width\":960,\"height\":960,\"caption\":\"Ninus Design & Technology\"},\"image\":{\"@id\":\"https:\/\/ninus.co\/es\/#\/schema\/logo\/image\/\"},\"sameAs\":[\"https:\/\/www.facebook.com\/NinusDyT\/\",\"https:\/\/x.com\/Ninus_deyt\",\"https:\/\/www.instagram.com\/ninusdesignandtechnology\/\",\"https:\/\/www.linkedin.com\/company\/ninusdyt\/\",\"https:\/\/www.youtube.com\/channel\/UCmR4PVtt0mg5TnaQpt--rLQ\"]}]}<\/script>\n<!-- \/ Yoast SEO plugin. -->","yoast_head_json":{"title":"Proteccion de datos - Subprocesadores - Ninus Design &amp; Technology","robots":{"index":"index","follow":"follow","max-snippet":"max-snippet:-1","max-image-preview":"max-image-preview:large","max-video-preview":"max-video-preview:-1"},"canonical":"https:\/\/ninus.co\/es\/proteccion-de-datos-subprocesadores\/","og_locale":"es_ES","og_type":"article","og_title":"Proteccion de datos - Subprocesadores - Ninus Design &amp; Technology","og_url":"https:\/\/ninus.co\/es\/proteccion-de-datos-subprocesadores\/","og_site_name":"Ninus Design &amp; Technology","article_publisher":"https:\/\/www.facebook.com\/NinusDyT\/","article_modified_time":"2021-12-06T22:04:27+00:00","twitter_card":"summary_large_image","twitter_site":"@Ninus_deyt","twitter_misc":{"Tiempo de lectura":"1 minuto"},"schema":{"@context":"https:\/\/schema.org","@graph":[{"@type":"WebPage","@id":"https:\/\/ninus.co\/es\/proteccion-de-datos-subprocesadores\/","url":"https:\/\/ninus.co\/es\/proteccion-de-datos-subprocesadores\/","name":"Proteccion de datos - Subprocesadores - Ninus Design &amp; Technology","isPartOf":{"@id":"https:\/\/ninus.co\/es\/#website"},"datePublished":"2021-12-06T20:28:22+00:00","dateModified":"2021-12-06T22:04:27+00:00","breadcrumb":{"@id":"https:\/\/ninus.co\/es\/proteccion-de-datos-subprocesadores\/#breadcrumb"},"inLanguage":"es-CO","potentialAction":[{"@type":"ReadAction","target":["https:\/\/ninus.co\/es\/proteccion-de-datos-subprocesadores\/"]}]},{"@type":"BreadcrumbList","@id":"https:\/\/ninus.co\/es\/proteccion-de-datos-subprocesadores\/#breadcrumb","itemListElement":[{"@type":"ListItem","position":1,"name":"Home","item":"https:\/\/ninus.co\/"},{"@type":"ListItem","position":2,"name":"Proteccion de datos &#8211; Subprocesadores"}]},{"@type":"WebSite","@id":"https:\/\/ninus.co\/es\/#website","url":"https:\/\/ninus.co\/es\/","name":"Ninus Design & Technology","description":"Creando el futuro","publisher":{"@id":"https:\/\/ninus.co\/es\/#organization"},"potentialAction":[{"@type":"SearchAction","target":{"@type":"EntryPoint","urlTemplate":"https:\/\/ninus.co\/es\/?s={search_term_string}"},"query-input":{"@type":"PropertyValueSpecification","valueRequired":true,"valueName":"search_term_string"}}],"inLanguage":"es-CO"},{"@type":"Organization","@id":"https:\/\/ninus.co\/es\/#organization","name":"Ninus Design & Technology","url":"https:\/\/ninus.co\/es\/","logo":{"@type":"ImageObject","inLanguage":"es-CO","@id":"https:\/\/ninus.co\/es\/#\/schema\/logo\/image\/","url":"https:\/\/ninus.co\/wp-content\/uploads\/2019\/04\/Logo-nuevo-fondo-transparente-1.png","contentUrl":"https:\/\/ninus.co\/wp-content\/uploads\/2019\/04\/Logo-nuevo-fondo-transparente-1.png","width":960,"height":960,"caption":"Ninus Design & Technology"},"image":{"@id":"https:\/\/ninus.co\/es\/#\/schema\/logo\/image\/"},"sameAs":["https:\/\/www.facebook.com\/NinusDyT\/","https:\/\/x.com\/Ninus_deyt","https:\/\/www.instagram.com\/ninusdesignandtechnology\/","https:\/\/www.linkedin.com\/company\/ninusdyt\/","https:\/\/www.youtube.com\/channel\/UCmR4PVtt0mg5TnaQpt--rLQ"]}]}},"_links":{"self":[{"href":"https:\/\/ninus.co\/es\/wp-json\/wp\/v2\/pages\/56030"}],"collection":[{"href":"https:\/\/ninus.co\/es\/wp-json\/wp\/v2\/pages"}],"about":[{"href":"https:\/\/ninus.co\/es\/wp-json\/wp\/v2\/types\/page"}],"author":[{"embeddable":true,"href":"https:\/\/ninus.co\/es\/wp-json\/wp\/v2\/users\/2"}],"replies":[{"embeddable":true,"href":"https:\/\/ninus.co\/es\/wp-json\/wp\/v2\/comments?post=56030"}],"version-history":[{"count":3,"href":"https:\/\/ninus.co\/es\/wp-json\/wp\/v2\/pages\/56030\/revisions"}],"predecessor-version":[{"id":56035,"href":"https:\/\/ninus.co\/es\/wp-json\/wp\/v2\/pages\/56030\/revisions\/56035"}],"wp:attachment":[{"href":"https:\/\/ninus.co\/es\/wp-json\/wp\/v2\/media?parent=56030"}],"curies":[{"name":"wp","href":"https:\/\/api.w.org\/{rel}","templated":true}]}}