{"id":55881,"date":"2020-10-02T02:19:59","date_gmt":"2020-10-02T02:19:59","guid":{"rendered":"https:\/\/ninus.co\/?page_id=55881"},"modified":"2020-10-03T16:21:07","modified_gmt":"2020-10-03T16:21:07","slug":"blog","status":"publish","type":"page","link":"https:\/\/ninus.co\/es\/blog\/","title":{"rendered":"Blog"},"content":{"rendered":"<div class=\"wpb-content-wrapper\"><!-- CWS Row --><div class=\"cws-content\" style=\"background-size:;\"><div class=\"vc_row wpb_row vc_row-fluid\"><div class=\"wpb_column vc_column_container vc_col-sm-8 cws-column\"><div class=\"cws_vc_column-inner \"><div class=\"wpb_column vc_column_container vc_col-sm-8\"><div class=\"vc_column-inner\"><div class=\"wpb_wrapper\"><section id='posts_grid_69dfdaf5cff6b' class='news hover05 blog_post posts_grid post_posts_grid posts_grid_small posts_grid_grid'><div class='cws_vc_shortcode_wrapper'><div class='cws_vc_shortcode_grid grid layout-small'><article id='post_post_69dfdaf606284' class=\"item post no_likes post_post posts_grid_post  post-56014 type-post status-publish format-standard has-post-thumbnail hentry category-business\"><div class='post_wrapper post_post_wrapper posts_grid_post_wrapper clearfix'>\t\t\t\t<div class=\"floated_media post_floated_media posts_grid_floated_media_wrapper\">\n\t\t\t\t\t<div class=\"floated_media_wrapper post_floated_media_wrapper posts_grid_floated_media_wrapper cut_post_post_media\">\n\t\t\t\t\t<div class='post_media post_post_media posts_grid_post_media'><div class='pic'><img src='https:\/\/ninus.co\/wp-content\/uploads\/2021\/04\/52852816-D5A0-4A5E-B8C9-91FC06D524CB_01a401a40_56015.jpeg' data-no-retina  alt='Ninus Design & Technology' \/><div class='hover-effect'><\/div><\/div><\/div>\t\t\t\t\t<\/div>\n\t\t\t\t<\/div>\n\t\t\t<div class='post_post_info posts_grid_post_info'><div class='post_top_wrapper related'><div class='inline_date'><a href=https:\/\/ninus.co\/es\/2021\/04\/>abril 30, 2021<\/a><\/div><\/div><h3 class='post_title post_post_title posts_grid_post_title'><a href='https:\/\/ninus.co\/es\/ninus-design-technology-inicia-acciones-encaminadas-en-la-exportacion-de-servicios-digitales\/'>Ninus Design &#038; Technology, inicia acciones encaminadas en la exportaci\u00f3n de servicios digitales<\/a><\/h3><div class='post_content post_post_content posts_grid_post_content clearfix'><p>La compa\u00f1\u00eda colombiana hizo parte del encuentro comercial m\u00e1s importante del a\u00f1o en el pa\u00eds, logrando por medio de este citas de negocios con compradores internacionales interesados en servicios de in<\/p>\n<\/div><div class='cws_custom_button_wrapper simple'><span><a href='https:\/\/ninus.co\/es\/ninus-design-technology-inicia-acciones-encaminadas-en-la-exportacion-de-servicios-digitales\/' class='cws_custom_button'>CONTINUAR LEYENDO<\/a><\/span><\/div><\/div><\/div><\/article><article id='post_post_69dfdaf612171' class=\"item post no_likes post_post posts_grid_post  post-56004 type-post status-publish format-standard has-post-thumbnail hentry category-business\"><div class='post_wrapper post_post_wrapper posts_grid_post_wrapper clearfix'>\t\t\t\t<div class=\"floated_media post_floated_media posts_grid_floated_media_wrapper\">\n\t\t\t\t\t<div class=\"floated_media_wrapper post_floated_media_wrapper posts_grid_floated_media_wrapper cut_post_post_media\">\n\t\t\t\t\t<div class='post_media post_post_media posts_grid_post_media'><div class='pic'><img src='https:\/\/ninus.co\/wp-content\/uploads\/2021\/04\/Captura-de-Pantalla-2021-04-29-a-las-10.09.32-p.-m._01a401a40_56010.png' data-at2x='https:\/\/ninus.co\/wp-content\/uploads\/2021\/04\/Captura-de-Pantalla-2021-04-29-a-las-10.09.32-p.-m._01a401a40_56010@2x.png'  alt='plataformas virtuales' \/><div class='hover-effect'><\/div><\/div><\/div>\t\t\t\t\t<\/div>\n\t\t\t\t<\/div>\n\t\t\t<div class='post_post_info posts_grid_post_info'><div class='post_top_wrapper related'><div class='inline_date'><a href=https:\/\/ninus.co\/es\/2021\/04\/>abril 30, 2021<\/a><\/div><\/div><h3 class='post_title post_post_title posts_grid_post_title'><a href='https:\/\/ninus.co\/es\/plataforma-virtual-3d-el-innovador-producto-para-eventos-virtuales-que-va-en-aumento\/'>Plataforma virtual 3D, el innovador producto para eventos virtuales que va en aumento<\/a><\/h3><div class='post_content post_post_content posts_grid_post_content clearfix'><p>Las plataformas virtuales en 3D, han ido ganando peso en eventos virtuales para las organizaciones a lo largo del \u00faltimo a\u00f1o, pues se han convertido en una elecci\u00f3n para ofrecer soluciones de comunica<\/p>\n<\/div><div class='cws_custom_button_wrapper simple'><span><a href='https:\/\/ninus.co\/es\/plataforma-virtual-3d-el-innovador-producto-para-eventos-virtuales-que-va-en-aumento\/' class='cws_custom_button'>CONTINUAR LEYENDO<\/a><\/span><\/div><\/div><\/div><\/article><article id='post_post_69dfdaf61ccf7' class=\"item post no_likes post_post posts_grid_post  post-55998 type-post status-publish format-standard has-post-thumbnail hentry category-business\"><div class='post_wrapper post_post_wrapper posts_grid_post_wrapper clearfix'>\t\t\t\t<div class=\"floated_media post_floated_media posts_grid_floated_media_wrapper\">\n\t\t\t\t\t<div class=\"floated_media_wrapper post_floated_media_wrapper posts_grid_floated_media_wrapper cut_post_post_media\">\n\t\t\t\t\t<div class='post_media post_post_media posts_grid_post_media'><div class='pic'><img src='https:\/\/ninus.co\/wp-content\/uploads\/2021\/04\/Captura-de-Pantalla-2021-04-26-a-las-6.55.40-p.-m._01a401a40_55999.png' data-no-retina  alt='Asistente Virtual' \/><div class='hover-effect'><\/div><\/div><\/div>\t\t\t\t\t<\/div>\n\t\t\t\t<\/div>\n\t\t\t<div class='post_post_info posts_grid_post_info'><div class='post_top_wrapper related'><div class='inline_date'><a href=https:\/\/ninus.co\/es\/2021\/04\/>abril 30, 2021<\/a><\/div><\/div><h3 class='post_title post_post_title posts_grid_post_title'><a href='https:\/\/ninus.co\/es\/asistente-virtual-en-el-sector-salud-tecnologia-para-mejorar-la-calidad-de-vida-de-los-pacientes\/'>Asistente virtual en el sector salud: tecnolog\u00eda para mejorar la calidad de vida de los pacientes<\/a><\/h3><div class='post_content post_post_content posts_grid_post_content clearfix'><p>La llegada de la inteligencia artificial en el sector ha permitido contar con asistentes virtuales que sirven como herramientas digitales para transformar las experiencias de sus afiliados. Con la con<\/p>\n<\/div><div class='cws_custom_button_wrapper simple'><span><a href='https:\/\/ninus.co\/es\/asistente-virtual-en-el-sector-salud-tecnologia-para-mejorar-la-calidad-de-vida-de-los-pacientes\/' class='cws_custom_button'>CONTINUAR LEYENDO<\/a><\/span><\/div><\/div><\/div><\/article><article id='post_post_69dfdaf62791c' class=\"item post no_likes post_post posts_grid_post  post-55489 type-post status-publish format-standard has-post-thumbnail hentry category-uncategorized\"><div class='post_wrapper post_post_wrapper posts_grid_post_wrapper clearfix'>\t\t\t\t<div class=\"floated_media post_floated_media posts_grid_floated_media_wrapper\">\n\t\t\t\t\t<div class=\"floated_media_wrapper post_floated_media_wrapper posts_grid_floated_media_wrapper cut_post_post_media\">\n\t\t\t\t\t<div class='post_media post_post_media posts_grid_post_media'><div class='pic'><img src='https:\/\/ninus.co\/wp-content\/uploads\/2020\/03\/FORBES4-2_01a401a40_55492.png' data-at2x='https:\/\/ninus.co\/wp-content\/uploads\/2020\/03\/FORBES4-2_01a401a40_55492@2x.png'  alt='FORBES4' \/><div class='hover-effect'><\/div><\/div><\/div>\t\t\t\t\t<\/div>\n\t\t\t\t<\/div>\n\t\t\t<div class='post_post_info posts_grid_post_info'><div class='post_top_wrapper related'><div class='inline_date'><a href=https:\/\/ninus.co\/es\/2020\/03\/>marzo 25, 2020<\/a><\/div><\/div><h3 class='post_title post_post_title posts_grid_post_title'><a href='https:\/\/ninus.co\/es\/ninus-en-mencionado-en-forbes-programa-acelera-region-ccc\/'>Ninus en mencionado en Forbes &#8211; Programa Acelera Regi\u00f3n CCC<\/a><\/h3><div class='post_content post_post_content posts_grid_post_content clearfix'><\/div><\/div><\/div><\/article><article id='post_post_69dfdaf644f14' class=\"item post no_likes post_post posts_grid_post  post-55347 type-post status-publish format-standard has-post-thumbnail hentry category-uncategorized\"><div class='post_wrapper post_post_wrapper posts_grid_post_wrapper clearfix'>\t\t\t\t<div class=\"floated_media post_floated_media posts_grid_floated_media_wrapper\">\n\t\t\t\t\t<div class=\"floated_media_wrapper post_floated_media_wrapper posts_grid_floated_media_wrapper cut_post_post_media\">\n\t\t\t\t\t<div class='post_media post_post_media posts_grid_post_media'><div class='pic'><img src='https:\/\/ninus.co\/wp-content\/uploads\/2019\/07\/junio-24siiiiiiiii_01a401a40_55348.jpg' data-at2x='https:\/\/ninus.co\/wp-content\/uploads\/2019\/07\/junio-24siiiiiiiii_01a401a40_55348@2x.jpg'  alt='junio-24siiiiiiiii' \/><div class='hover-effect'><\/div><\/div><\/div>\t\t\t\t\t<\/div>\n\t\t\t\t<\/div>\n\t\t\t<div class='post_post_info posts_grid_post_info'><div class='post_top_wrapper related'><div class='inline_date'><a href=https:\/\/ninus.co\/es\/2019\/07\/>julio 29, 2019<\/a><\/div><\/div><h3 class='post_title post_post_title posts_grid_post_title'><a href='https:\/\/ninus.co\/es\/realidad-virtual-made-incali-periodio-el-pais\/'>Realidad Virtual &#8216;made inCali&#8217; &#8211; Peri\u00f3dio EL PA\u00cdS<\/a><\/h3><div class='post_content post_post_content posts_grid_post_content clearfix'><\/div><div class='cws_custom_button_wrapper simple'><span><a href='https:\/\/ninus.co\/es\/realidad-virtual-made-incali-periodio-el-pais\/' class='cws_custom_button'>CONTINUAR LEYENDO<\/a><\/span><\/div><\/div><\/div><\/article><article id='post_post_69dfdaf65033a' class=\"item post no_likes post_post posts_grid_post  post-54661 type-post status-publish format-video has-post-thumbnail hentry category-business category-eventos post_format-post-format-video\"><div class='post_wrapper post_post_wrapper posts_grid_post_wrapper clearfix'>\t\t\t\t<div class=\"floated_media post_floated_media posts_grid_floated_media_wrapper\">\n\t\t\t\t\t<div class=\"floated_media_wrapper post_floated_media_wrapper posts_grid_floated_media_wrapper cut_post_post_media\">\n\t\t\t\t\t<div class='post_media post_post_media posts_grid_post_media'><div class='pic'><img src='https:\/\/ninus.co\/wp-content\/uploads\/2017\/07\/POST2-NINUS_01a401a40_55346.png' data-at2x='https:\/\/ninus.co\/wp-content\/uploads\/2017\/07\/POST2-NINUS_01a401a40_55346@2x.png'  alt='POST2-NINUS' \/><div class='hover-effect'><\/div><\/div><\/div>\t\t\t\t\t<\/div>\n\t\t\t\t<\/div>\n\t\t\t<div class='post_post_info posts_grid_post_info'><div class='post_top_wrapper related'><div class='inline_date'><a href=https:\/\/ninus.co\/es\/2017\/07\/>julio 14, 2017<\/a><\/div><\/div><h3 class='post_title post_post_title posts_grid_post_title'><a href='https:\/\/ninus.co\/es\/convocatoria-apps-co\/'>Convocatoria Apps.co<\/a><\/h3><div class='post_content post_post_content posts_grid_post_content clearfix'><\/div><div class='cws_custom_button_wrapper simple'><span><a href='https:\/\/ninus.co\/es\/convocatoria-apps-co\/' class='cws_custom_button'>CONTINUAR LEYENDO<\/a><\/span><\/div><\/div><\/div><\/article><article id='post_post_69dfdaf65b422' class=\"item post no_likes post_post posts_grid_post  post-54566 type-post status-publish format-standard has-post-thumbnail hentry category-eventos\"><div class='post_wrapper post_post_wrapper posts_grid_post_wrapper clearfix'>\t\t\t\t<div class=\"floated_media post_floated_media posts_grid_floated_media_wrapper\">\n\t\t\t\t\t<div class=\"floated_media_wrapper post_floated_media_wrapper posts_grid_floated_media_wrapper cut_post_post_media\">\n\t\t\t\t\t<div class='post_media post_post_media posts_grid_post_media'><div class='pic'><img src='https:\/\/ninus.co\/wp-content\/uploads\/2016\/10\/POST1-NINUS_01a401a40_55344.png' data-at2x='https:\/\/ninus.co\/wp-content\/uploads\/2016\/10\/POST1-NINUS_01a401a40_55344@2x.png'  alt='POST1-NINUS' \/><div class='hover-effect'><\/div><\/div><\/div>\t\t\t\t\t<\/div>\n\t\t\t\t<\/div>\n\t\t\t<div class='post_post_info posts_grid_post_info'><div class='post_top_wrapper related'><div class='inline_date'><a href=https:\/\/ninus.co\/es\/2016\/10\/>octubre 24, 2016<\/a><\/div><\/div><h3 class='post_title post_post_title posts_grid_post_title'><a href='https:\/\/ninus.co\/es\/patrocinio-realidad-virtual-sinergia-17\/'>Ninus como patrocinador del evento Sinergia 17<\/a><\/h3><div class='post_content post_post_content posts_grid_post_content clearfix'><p>Sinergia 2016 &#8211; 2 es el evento de Mercadeo y Publicidad de entrada libre m\u00e1s grande realizado en Colombia, el cual se lleva a cabo por estudiantes de la materia Estrategia de Medios y Campa\u00f1as Publici<\/p>\n<\/div><div class='cws_custom_button_wrapper simple'><span><a href='https:\/\/ninus.co\/es\/patrocinio-realidad-virtual-sinergia-17\/' class='cws_custom_button'>CONTINUAR LEYENDO<\/a><\/span><\/div><\/div><\/div><\/article><\/div><\/div><\/section><\/div><\/div><\/div><!-- CWS Column --> <\/div><\/div><div class=\"wpb_column vc_column_container vc_col-sm-4 cws-column\"><div class=\"cws_vc_column-inner \"><div class=\"wpb_column vc_column_container vc_col-sm-4\"><div class=\"vc_column-inner\"><div class=\"wpb_wrapper\"><div id=\"cws_latest_posts_69dfdaf670c39\" class=\"widget\"><h3 class=\"widgettitle\">Ver mas<\/h3><div class='post_items'><div class='post_item '><div class='post_preview clearfix'><div class='post_thumb'><a href='https:\/\/ninus.co\/es\/ninus-design-technology-inicia-acciones-encaminadas-en-la-exportacion-de-servicios-digitales\/'><img  src='https:\/\/ninus.co\/wp-content\/uploads\/2021\/04\/52852816-D5A0-4A5E-B8C9-91FC06D524CB_004000401_56015.jpeg' data-at2x='https:\/\/ninus.co\/wp-content\/uploads\/2021\/04\/52852816-D5A0-4A5E-B8C9-91FC06D524CB_004000401_56015@2x.jpeg' alt \/><\/a><\/div><div class='post_title'><a href='https:\/\/ninus.co\/es\/ninus-design-technology-inicia-acciones-encaminadas-en-la-exportacion-de-servicios-digitales\/'>Ninus Design &#038; Technology, inicia acciones encaminadas en la exportaci\u00f3n de servicios digitales<\/a><\/div><div class='post_content'>La compa\u00f1\u00eda colombiana hizo parte del encuentro co <a href='https:\/\/ninus.co\/es\/ninus-design-technology-inicia-acciones-encaminadas-en-la-exportacion-de-servicios-digitales\/'>...<\/a><\/div><\/div><\/div><div class='post_item '><div class='post_preview clearfix'><div class='post_thumb'><a href='https:\/\/ninus.co\/es\/plataforma-virtual-3d-el-innovador-producto-para-eventos-virtuales-que-va-en-aumento\/'><img  src='https:\/\/ninus.co\/wp-content\/uploads\/2021\/04\/Captura-de-Pantalla-2021-04-29-a-las-10.09.32-p.-m._004000401_56010.png' data-at2x='https:\/\/ninus.co\/wp-content\/uploads\/2021\/04\/Captura-de-Pantalla-2021-04-29-a-las-10.09.32-p.-m._004000401_56010@2x.png' alt \/><\/a><\/div><div class='post_title'><a href='https:\/\/ninus.co\/es\/plataforma-virtual-3d-el-innovador-producto-para-eventos-virtuales-que-va-en-aumento\/'>Plataforma virtual 3D, el innovador producto para eventos virtuales que va en aumento<\/a><\/div><div class='post_content'>Las plataformas virtuales en 3D, han ido ganando p <a href='https:\/\/ninus.co\/es\/plataforma-virtual-3d-el-innovador-producto-para-eventos-virtuales-que-va-en-aumento\/'>...<\/a><\/div><\/div><\/div><div class='post_item '><div class='post_preview clearfix'><div class='post_thumb'><a href='https:\/\/ninus.co\/es\/asistente-virtual-en-el-sector-salud-tecnologia-para-mejorar-la-calidad-de-vida-de-los-pacientes\/'><img  src='https:\/\/ninus.co\/wp-content\/uploads\/2021\/04\/Captura-de-Pantalla-2021-04-26-a-las-6.55.40-p.-m._004000401_55999.png' data-at2x='https:\/\/ninus.co\/wp-content\/uploads\/2021\/04\/Captura-de-Pantalla-2021-04-26-a-las-6.55.40-p.-m._004000401_55999@2x.png' alt \/><\/a><\/div><div class='post_title'><a href='https:\/\/ninus.co\/es\/asistente-virtual-en-el-sector-salud-tecnologia-para-mejorar-la-calidad-de-vida-de-los-pacientes\/'>Asistente virtual en el sector salud: tecnolog\u00eda para mejorar la calidad de vida de los pacientes<\/a><\/div><div class='post_content'>La llegada de la inteligencia artificial en el sec <a href='https:\/\/ninus.co\/es\/asistente-virtual-en-el-sector-salud-tecnologia-para-mejorar-la-calidad-de-vida-de-los-pacientes\/'>...<\/a><\/div><\/div><\/div><div class='post_item '><div class='post_preview clearfix'><div class='post_thumb'><a href='https:\/\/ninus.co\/es\/ninus-en-mencionado-en-forbes-programa-acelera-region-ccc\/'><img  src='https:\/\/ninus.co\/wp-content\/uploads\/2020\/03\/FORBES4-2_004000401_55492.png' data-at2x='https:\/\/ninus.co\/wp-content\/uploads\/2020\/03\/FORBES4-2_004000401_55492@2x.png' alt \/><\/a><\/div><div class='post_title'><a href='https:\/\/ninus.co\/es\/ninus-en-mencionado-en-forbes-programa-acelera-region-ccc\/'>Ninus en mencionado en Forbes &#8211; Programa Acelera Regi\u00f3n CCC<\/a><\/div><\/div><\/div><div class='post_item '><div class='post_preview clearfix'><div class='post_thumb'><a href='https:\/\/ninus.co\/es\/realidad-virtual-made-incali-periodio-el-pais\/'><img  src='https:\/\/ninus.co\/wp-content\/uploads\/2019\/07\/junio-24siiiiiiiii_004000401_55348.jpg' data-at2x='https:\/\/ninus.co\/wp-content\/uploads\/2019\/07\/junio-24siiiiiiiii_004000401_55348@2x.jpg' alt \/><\/a><\/div><div class='post_title'><a href='https:\/\/ninus.co\/es\/realidad-virtual-made-incali-periodio-el-pais\/'>Realidad Virtual &#8216;made inCali&#8217; &#8211; Peri\u00f3dio EL PA\u00cdS<\/a><\/div><\/div><\/div><div class='post_item '><div class='post_preview clearfix'><div class='post_thumb'><a href='https:\/\/ninus.co\/es\/convocatoria-apps-co\/'><img  src='https:\/\/ninus.co\/wp-content\/uploads\/2017\/07\/POST2-NINUS_004000401_55346.png' data-at2x='https:\/\/ninus.co\/wp-content\/uploads\/2017\/07\/POST2-NINUS_004000401_55346@2x.png' alt \/><\/a><\/div><div class='post_title'><a href='https:\/\/ninus.co\/es\/convocatoria-apps-co\/'>Convocatoria Apps.co<\/a><\/div><\/div><\/div><div class='post_item '><div class='post_preview clearfix'><div class='post_thumb'><a href='https:\/\/ninus.co\/es\/patrocinio-realidad-virtual-sinergia-17\/'><img  src='https:\/\/ninus.co\/wp-content\/uploads\/2016\/10\/POST1-NINUS_004000401_55344.png' data-at2x='https:\/\/ninus.co\/wp-content\/uploads\/2016\/10\/POST1-NINUS_004000401_55344@2x.png' alt \/><\/a><\/div><div class='post_title'><a href='https:\/\/ninus.co\/es\/patrocinio-realidad-virtual-sinergia-17\/'>Ninus como patrocinador del evento Sinergia 17<\/a><\/div><div class='post_content'>Sinergia 2016 &#8211; 2 es el evento de Mercadeo y Publi <a href='https:\/\/ninus.co\/es\/patrocinio-realidad-virtual-sinergia-17\/'>...<\/a><\/div><\/div><\/div><\/div><\/div><\/div><\/div><\/div><!-- CWS Column --> <\/div><\/div><\/div><\/div>\n<\/div>","protected":false},"excerpt":{"rendered":"Sinergia 2016 - 2 es el evento de Mercadeo y Publicidad de entrada libre m\u00e1s grande realizado en Colombia, el cual se lleva a cabo por estudiantes de la materia Estrategia de Medios y Campa\u00f1as Publicitarias del Programa Mercadeo Internacional y Publicidad de la Universidad ICESI. Esta d\u00e9cima s\u00e9ptima versi\u00f3n tendr\u00e1 como tema la innovaci\u00f3n en marketing \u201cPara mentes inquietas\u201d y cuenta con conferencistas nacionales e internacionales, profesionales expertos de reconocidas empresas que compartir\u00e1n sus experiencias, estrategias y conocimientos tanto con estudiantes como profesionales y empresarios de diferentes sectores econ\u00f3micos. Est\u00e1n todos invitados, recuerden que la entrada es libre. Ninus como aliado estrat\u00e9gico de esta versi\u00f3n de Sinergia de innovaci\u00f3n en marketing desarroll\u00f3 un video juego para este evento para dispositivos android. Descripci\u00f3n del juego: Prueba nuestro juego SINERGIA 17 VR para mentes inquietas!! Encuentra, apunta y atina hacia el logo de Sinergia que se encuentra perdido dentro de los laberintos en el menor tiempo posible, cuando le atines exitosamente se abrir\u00e1 una puerta dentro del laberinto... ARRIESGATE y salta al siguiente nivel. Son tres niveles en los cuales pondr\u00e1s a trabajar tu mente y tu agilidad, ju\u00e9galo ya con nuestros visores de realidad virtual recomendados: NINUS GLASSES!!","protected":false},"author":2,"featured_media":0,"parent":0,"menu_order":0,"comment_status":"closed","ping_status":"closed","template":"","meta":{"content-type":"","_exactmetrics_skip_tracking":false,"_exactmetrics_sitenote_active":false,"_exactmetrics_sitenote_note":"","_exactmetrics_sitenote_category":0,"footnotes":""},"class_list":["post-55881","page","type-page","status-publish","hentry"],"yoast_head":"<!-- This site is optimized with the Yoast SEO plugin v24.9 - https:\/\/yoast.com\/wordpress\/plugins\/seo\/ -->\n<title>Blog - Ninus Design &amp; Technology<\/title>\n<meta name=\"robots\" content=\"index, follow, max-snippet:-1, max-image-preview:large, max-video-preview:-1\" \/>\n<link rel=\"canonical\" href=\"https:\/\/ninus.co\/es\/blog\/\" \/>\n<meta property=\"og:locale\" content=\"es_ES\" \/>\n<meta property=\"og:type\" content=\"article\" \/>\n<meta property=\"og:title\" content=\"Blog - Ninus Design &amp; Technology\" \/>\n<meta property=\"og:url\" content=\"https:\/\/ninus.co\/es\/blog\/\" \/>\n<meta property=\"og:site_name\" content=\"Ninus Design &amp; Technology\" \/>\n<meta property=\"article:publisher\" content=\"https:\/\/www.facebook.com\/NinusDyT\/\" \/>\n<meta property=\"article:modified_time\" content=\"2020-10-03T16:21:07+00:00\" \/>\n<meta name=\"twitter:card\" content=\"summary_large_image\" \/>\n<meta name=\"twitter:site\" content=\"@Ninus_deyt\" \/>\n<script type=\"application\/ld+json\" class=\"yoast-schema-graph\">{\"@context\":\"https:\/\/schema.org\",\"@graph\":[{\"@type\":\"WebPage\",\"@id\":\"https:\/\/ninus.co\/es\/blog\/\",\"url\":\"https:\/\/ninus.co\/es\/blog\/\",\"name\":\"Blog - Ninus Design &amp; Technology\",\"isPartOf\":{\"@id\":\"https:\/\/ninus.co\/es\/#website\"},\"datePublished\":\"2020-10-02T02:19:59+00:00\",\"dateModified\":\"2020-10-03T16:21:07+00:00\",\"breadcrumb\":{\"@id\":\"https:\/\/ninus.co\/es\/blog\/#breadcrumb\"},\"inLanguage\":\"es-CO\",\"potentialAction\":[{\"@type\":\"ReadAction\",\"target\":[\"https:\/\/ninus.co\/es\/blog\/\"]}]},{\"@type\":\"BreadcrumbList\",\"@id\":\"https:\/\/ninus.co\/es\/blog\/#breadcrumb\",\"itemListElement\":[{\"@type\":\"ListItem\",\"position\":1,\"name\":\"Home\",\"item\":\"https:\/\/ninus.co\/\"},{\"@type\":\"ListItem\",\"position\":2,\"name\":\"Blog\"}]},{\"@type\":\"WebSite\",\"@id\":\"https:\/\/ninus.co\/es\/#website\",\"url\":\"https:\/\/ninus.co\/es\/\",\"name\":\"Ninus Design & Technology\",\"description\":\"Creando el futuro\",\"publisher\":{\"@id\":\"https:\/\/ninus.co\/es\/#organization\"},\"potentialAction\":[{\"@type\":\"SearchAction\",\"target\":{\"@type\":\"EntryPoint\",\"urlTemplate\":\"https:\/\/ninus.co\/es\/?s={search_term_string}\"},\"query-input\":{\"@type\":\"PropertyValueSpecification\",\"valueRequired\":true,\"valueName\":\"search_term_string\"}}],\"inLanguage\":\"es-CO\"},{\"@type\":\"Organization\",\"@id\":\"https:\/\/ninus.co\/es\/#organization\",\"name\":\"Ninus Design & Technology\",\"url\":\"https:\/\/ninus.co\/es\/\",\"logo\":{\"@type\":\"ImageObject\",\"inLanguage\":\"es-CO\",\"@id\":\"https:\/\/ninus.co\/es\/#\/schema\/logo\/image\/\",\"url\":\"https:\/\/ninus.co\/wp-content\/uploads\/2019\/04\/Logo-nuevo-fondo-transparente-1.png\",\"contentUrl\":\"https:\/\/ninus.co\/wp-content\/uploads\/2019\/04\/Logo-nuevo-fondo-transparente-1.png\",\"width\":960,\"height\":960,\"caption\":\"Ninus Design & Technology\"},\"image\":{\"@id\":\"https:\/\/ninus.co\/es\/#\/schema\/logo\/image\/\"},\"sameAs\":[\"https:\/\/www.facebook.com\/NinusDyT\/\",\"https:\/\/x.com\/Ninus_deyt\",\"https:\/\/www.instagram.com\/ninusdesignandtechnology\/\",\"https:\/\/www.linkedin.com\/company\/ninusdyt\/\",\"https:\/\/www.youtube.com\/channel\/UCmR4PVtt0mg5TnaQpt--rLQ\"]}]}<\/script>\n<!-- \/ Yoast SEO plugin. -->","yoast_head_json":{"title":"Blog - Ninus Design &amp; Technology","robots":{"index":"index","follow":"follow","max-snippet":"max-snippet:-1","max-image-preview":"max-image-preview:large","max-video-preview":"max-video-preview:-1"},"canonical":"https:\/\/ninus.co\/es\/blog\/","og_locale":"es_ES","og_type":"article","og_title":"Blog - Ninus Design &amp; Technology","og_url":"https:\/\/ninus.co\/es\/blog\/","og_site_name":"Ninus Design &amp; Technology","article_publisher":"https:\/\/www.facebook.com\/NinusDyT\/","article_modified_time":"2020-10-03T16:21:07+00:00","twitter_card":"summary_large_image","twitter_site":"@Ninus_deyt","schema":{"@context":"https:\/\/schema.org","@graph":[{"@type":"WebPage","@id":"https:\/\/ninus.co\/es\/blog\/","url":"https:\/\/ninus.co\/es\/blog\/","name":"Blog - Ninus Design &amp; Technology","isPartOf":{"@id":"https:\/\/ninus.co\/es\/#website"},"datePublished":"2020-10-02T02:19:59+00:00","dateModified":"2020-10-03T16:21:07+00:00","breadcrumb":{"@id":"https:\/\/ninus.co\/es\/blog\/#breadcrumb"},"inLanguage":"es-CO","potentialAction":[{"@type":"ReadAction","target":["https:\/\/ninus.co\/es\/blog\/"]}]},{"@type":"BreadcrumbList","@id":"https:\/\/ninus.co\/es\/blog\/#breadcrumb","itemListElement":[{"@type":"ListItem","position":1,"name":"Home","item":"https:\/\/ninus.co\/"},{"@type":"ListItem","position":2,"name":"Blog"}]},{"@type":"WebSite","@id":"https:\/\/ninus.co\/es\/#website","url":"https:\/\/ninus.co\/es\/","name":"Ninus Design & Technology","description":"Creando el futuro","publisher":{"@id":"https:\/\/ninus.co\/es\/#organization"},"potentialAction":[{"@type":"SearchAction","target":{"@type":"EntryPoint","urlTemplate":"https:\/\/ninus.co\/es\/?s={search_term_string}"},"query-input":{"@type":"PropertyValueSpecification","valueRequired":true,"valueName":"search_term_string"}}],"inLanguage":"es-CO"},{"@type":"Organization","@id":"https:\/\/ninus.co\/es\/#organization","name":"Ninus Design & Technology","url":"https:\/\/ninus.co\/es\/","logo":{"@type":"ImageObject","inLanguage":"es-CO","@id":"https:\/\/ninus.co\/es\/#\/schema\/logo\/image\/","url":"https:\/\/ninus.co\/wp-content\/uploads\/2019\/04\/Logo-nuevo-fondo-transparente-1.png","contentUrl":"https:\/\/ninus.co\/wp-content\/uploads\/2019\/04\/Logo-nuevo-fondo-transparente-1.png","width":960,"height":960,"caption":"Ninus Design & Technology"},"image":{"@id":"https:\/\/ninus.co\/es\/#\/schema\/logo\/image\/"},"sameAs":["https:\/\/www.facebook.com\/NinusDyT\/","https:\/\/x.com\/Ninus_deyt","https:\/\/www.instagram.com\/ninusdesignandtechnology\/","https:\/\/www.linkedin.com\/company\/ninusdyt\/","https:\/\/www.youtube.com\/channel\/UCmR4PVtt0mg5TnaQpt--rLQ"]}]}},"_links":{"self":[{"href":"https:\/\/ninus.co\/es\/wp-json\/wp\/v2\/pages\/55881"}],"collection":[{"href":"https:\/\/ninus.co\/es\/wp-json\/wp\/v2\/pages"}],"about":[{"href":"https:\/\/ninus.co\/es\/wp-json\/wp\/v2\/types\/page"}],"author":[{"embeddable":true,"href":"https:\/\/ninus.co\/es\/wp-json\/wp\/v2\/users\/2"}],"replies":[{"embeddable":true,"href":"https:\/\/ninus.co\/es\/wp-json\/wp\/v2\/comments?post=55881"}],"version-history":[{"count":8,"href":"https:\/\/ninus.co\/es\/wp-json\/wp\/v2\/pages\/55881\/revisions"}],"predecessor-version":[{"id":55893,"href":"https:\/\/ninus.co\/es\/wp-json\/wp\/v2\/pages\/55881\/revisions\/55893"}],"wp:attachment":[{"href":"https:\/\/ninus.co\/es\/wp-json\/wp\/v2\/media?parent=55881"}],"curies":[{"name":"wp","href":"https:\/\/api.w.org\/{rel}","templated":true}]}}