{"id":55323,"date":"2019-04-16T18:00:16","date_gmt":"2019-04-16T18:00:16","guid":{"rendered":"https:\/\/ninus.co\/?page_id=55323"},"modified":"2019-04-16T18:00:20","modified_gmt":"2019-04-16T18:00:20","slug":"gracias-por-su-pago-thanks-for-purchase","status":"publish","type":"page","link":"https:\/\/ninus.co\/es\/gracias-por-su-pago-thanks-for-purchase\/","title":{"rendered":"Gracias por su pago \/ Thanks for purchase"},"content":{"rendered":"<p>Gracias por su pago. Su pago se ha completado y le hemos enviado un recibo de su compra por correo electr\u00f3nico. Para ver los detalles de la transacci\u00f3n, inicie sesi\u00f3n en su cuenta PayPal.<\/p><p>Thanks for your purchase, you payment is complete, we send you and email whit the invoice, to se the details of the transaction, please log in, into your Paypal to see the details of the transaction.<\/p>","protected":false},"excerpt":{"rendered":"<p>Gracias por su pago. Su pago se ha completado y le hemos enviado un recibo de su compra por correo electr\u00f3nico. Para ver los detalles de la transacci\u00f3n, inicie sesi\u00f3n en su cuenta PayPal. Thanks for your purchase, you payment is complete, we send you and email whit the invoice, to se the details of the transaction, please log in, into your Paypal to see the details of the transaction.<\/p>\n","protected":false},"author":1,"featured_media":0,"parent":0,"menu_order":0,"comment_status":"closed","ping_status":"closed","template":"","meta":{"content-type":"","_exactmetrics_skip_tracking":false,"_exactmetrics_sitenote_active":false,"_exactmetrics_sitenote_note":"","_exactmetrics_sitenote_category":0,"footnotes":""},"class_list":["post-55323","page","type-page","status-publish","hentry"],"yoast_head":"<!-- This site is optimized with the Yoast SEO plugin v24.9 - https:\/\/yoast.com\/wordpress\/plugins\/seo\/ -->\n<title>Gracias por su pago \/ Thanks for purchase - Ninus Design &amp; Technology<\/title>\n<meta name=\"robots\" content=\"index, follow, max-snippet:-1, max-image-preview:large, max-video-preview:-1\" \/>\n<link rel=\"canonical\" href=\"https:\/\/ninus.co\/es\/gracias-por-su-pago-thanks-for-purchase\/\" \/>\n<meta property=\"og:locale\" content=\"es_ES\" \/>\n<meta property=\"og:type\" content=\"article\" \/>\n<meta property=\"og:title\" content=\"Gracias por su pago \/ Thanks for purchase - Ninus Design &amp; Technology\" \/>\n<meta property=\"og:description\" content=\"Gracias por su pago. Su pago se ha completado y le hemos enviado un recibo de su compra por correo electr\u00f3nico. Para ver los detalles de la transacci\u00f3n, inicie sesi\u00f3n en su cuenta PayPal. Thanks for your purchase, you payment is complete, we send you and email whit the invoice, to se the details of the transaction, please log in, into your Paypal to see the details of the transaction.\" \/>\n<meta property=\"og:url\" content=\"https:\/\/ninus.co\/es\/gracias-por-su-pago-thanks-for-purchase\/\" \/>\n<meta property=\"og:site_name\" content=\"Ninus Design &amp; Technology\" \/>\n<meta property=\"article:publisher\" content=\"https:\/\/www.facebook.com\/NinusDyT\/\" \/>\n<meta property=\"article:modified_time\" content=\"2019-04-16T18:00:20+00:00\" \/>\n<meta name=\"twitter:card\" content=\"summary_large_image\" \/>\n<meta name=\"twitter:site\" content=\"@Ninus_deyt\" \/>\n<script type=\"application\/ld+json\" class=\"yoast-schema-graph\">{\"@context\":\"https:\/\/schema.org\",\"@graph\":[{\"@type\":\"WebPage\",\"@id\":\"https:\/\/ninus.co\/es\/gracias-por-su-pago-thanks-for-purchase\/\",\"url\":\"https:\/\/ninus.co\/es\/gracias-por-su-pago-thanks-for-purchase\/\",\"name\":\"Gracias por su pago \/ Thanks for purchase - Ninus Design &amp; Technology\",\"isPartOf\":{\"@id\":\"https:\/\/ninus.co\/es\/#website\"},\"datePublished\":\"2019-04-16T18:00:16+00:00\",\"dateModified\":\"2019-04-16T18:00:20+00:00\",\"breadcrumb\":{\"@id\":\"https:\/\/ninus.co\/es\/gracias-por-su-pago-thanks-for-purchase\/#breadcrumb\"},\"inLanguage\":\"es-CO\",\"potentialAction\":[{\"@type\":\"ReadAction\",\"target\":[\"https:\/\/ninus.co\/es\/gracias-por-su-pago-thanks-for-purchase\/\"]}]},{\"@type\":\"BreadcrumbList\",\"@id\":\"https:\/\/ninus.co\/es\/gracias-por-su-pago-thanks-for-purchase\/#breadcrumb\",\"itemListElement\":[{\"@type\":\"ListItem\",\"position\":1,\"name\":\"Home\",\"item\":\"https:\/\/ninus.co\/\"},{\"@type\":\"ListItem\",\"position\":2,\"name\":\"Gracias por su pago \/ Thanks for purchase\"}]},{\"@type\":\"WebSite\",\"@id\":\"https:\/\/ninus.co\/es\/#website\",\"url\":\"https:\/\/ninus.co\/es\/\",\"name\":\"Ninus Design & Technology\",\"description\":\"Creando el futuro\",\"publisher\":{\"@id\":\"https:\/\/ninus.co\/es\/#organization\"},\"potentialAction\":[{\"@type\":\"SearchAction\",\"target\":{\"@type\":\"EntryPoint\",\"urlTemplate\":\"https:\/\/ninus.co\/es\/?s={search_term_string}\"},\"query-input\":{\"@type\":\"PropertyValueSpecification\",\"valueRequired\":true,\"valueName\":\"search_term_string\"}}],\"inLanguage\":\"es-CO\"},{\"@type\":\"Organization\",\"@id\":\"https:\/\/ninus.co\/es\/#organization\",\"name\":\"Ninus Design & Technology\",\"url\":\"https:\/\/ninus.co\/es\/\",\"logo\":{\"@type\":\"ImageObject\",\"inLanguage\":\"es-CO\",\"@id\":\"https:\/\/ninus.co\/es\/#\/schema\/logo\/image\/\",\"url\":\"https:\/\/ninus.co\/wp-content\/uploads\/2019\/04\/Logo-nuevo-fondo-transparente-1.png\",\"contentUrl\":\"https:\/\/ninus.co\/wp-content\/uploads\/2019\/04\/Logo-nuevo-fondo-transparente-1.png\",\"width\":960,\"height\":960,\"caption\":\"Ninus Design & Technology\"},\"image\":{\"@id\":\"https:\/\/ninus.co\/es\/#\/schema\/logo\/image\/\"},\"sameAs\":[\"https:\/\/www.facebook.com\/NinusDyT\/\",\"https:\/\/x.com\/Ninus_deyt\",\"https:\/\/www.instagram.com\/ninusdesignandtechnology\/\",\"https:\/\/www.linkedin.com\/company\/ninusdyt\/\",\"https:\/\/www.youtube.com\/channel\/UCmR4PVtt0mg5TnaQpt--rLQ\"]}]}<\/script>\n<!-- \/ Yoast SEO plugin. -->","yoast_head_json":{"title":"Gracias por su pago \/ Thanks for purchase - Ninus Design &amp; Technology","robots":{"index":"index","follow":"follow","max-snippet":"max-snippet:-1","max-image-preview":"max-image-preview:large","max-video-preview":"max-video-preview:-1"},"canonical":"https:\/\/ninus.co\/es\/gracias-por-su-pago-thanks-for-purchase\/","og_locale":"es_ES","og_type":"article","og_title":"Gracias por su pago \/ Thanks for purchase - Ninus Design &amp; Technology","og_description":"Gracias por su pago. Su pago se ha completado y le hemos enviado un recibo de su compra por correo electr\u00f3nico. Para ver los detalles de la transacci\u00f3n, inicie sesi\u00f3n en su cuenta PayPal. Thanks for your purchase, you payment is complete, we send you and email whit the invoice, to se the details of the transaction, please log in, into your Paypal to see the details of the transaction.","og_url":"https:\/\/ninus.co\/es\/gracias-por-su-pago-thanks-for-purchase\/","og_site_name":"Ninus Design &amp; Technology","article_publisher":"https:\/\/www.facebook.com\/NinusDyT\/","article_modified_time":"2019-04-16T18:00:20+00:00","twitter_card":"summary_large_image","twitter_site":"@Ninus_deyt","schema":{"@context":"https:\/\/schema.org","@graph":[{"@type":"WebPage","@id":"https:\/\/ninus.co\/es\/gracias-por-su-pago-thanks-for-purchase\/","url":"https:\/\/ninus.co\/es\/gracias-por-su-pago-thanks-for-purchase\/","name":"Gracias por su pago \/ Thanks for purchase - Ninus Design &amp; Technology","isPartOf":{"@id":"https:\/\/ninus.co\/es\/#website"},"datePublished":"2019-04-16T18:00:16+00:00","dateModified":"2019-04-16T18:00:20+00:00","breadcrumb":{"@id":"https:\/\/ninus.co\/es\/gracias-por-su-pago-thanks-for-purchase\/#breadcrumb"},"inLanguage":"es-CO","potentialAction":[{"@type":"ReadAction","target":["https:\/\/ninus.co\/es\/gracias-por-su-pago-thanks-for-purchase\/"]}]},{"@type":"BreadcrumbList","@id":"https:\/\/ninus.co\/es\/gracias-por-su-pago-thanks-for-purchase\/#breadcrumb","itemListElement":[{"@type":"ListItem","position":1,"name":"Home","item":"https:\/\/ninus.co\/"},{"@type":"ListItem","position":2,"name":"Gracias por su pago \/ Thanks for purchase"}]},{"@type":"WebSite","@id":"https:\/\/ninus.co\/es\/#website","url":"https:\/\/ninus.co\/es\/","name":"Ninus Design & Technology","description":"Creando el futuro","publisher":{"@id":"https:\/\/ninus.co\/es\/#organization"},"potentialAction":[{"@type":"SearchAction","target":{"@type":"EntryPoint","urlTemplate":"https:\/\/ninus.co\/es\/?s={search_term_string}"},"query-input":{"@type":"PropertyValueSpecification","valueRequired":true,"valueName":"search_term_string"}}],"inLanguage":"es-CO"},{"@type":"Organization","@id":"https:\/\/ninus.co\/es\/#organization","name":"Ninus Design & Technology","url":"https:\/\/ninus.co\/es\/","logo":{"@type":"ImageObject","inLanguage":"es-CO","@id":"https:\/\/ninus.co\/es\/#\/schema\/logo\/image\/","url":"https:\/\/ninus.co\/wp-content\/uploads\/2019\/04\/Logo-nuevo-fondo-transparente-1.png","contentUrl":"https:\/\/ninus.co\/wp-content\/uploads\/2019\/04\/Logo-nuevo-fondo-transparente-1.png","width":960,"height":960,"caption":"Ninus Design & Technology"},"image":{"@id":"https:\/\/ninus.co\/es\/#\/schema\/logo\/image\/"},"sameAs":["https:\/\/www.facebook.com\/NinusDyT\/","https:\/\/x.com\/Ninus_deyt","https:\/\/www.instagram.com\/ninusdesignandtechnology\/","https:\/\/www.linkedin.com\/company\/ninusdyt\/","https:\/\/www.youtube.com\/channel\/UCmR4PVtt0mg5TnaQpt--rLQ"]}]}},"_links":{"self":[{"href":"https:\/\/ninus.co\/es\/wp-json\/wp\/v2\/pages\/55323"}],"collection":[{"href":"https:\/\/ninus.co\/es\/wp-json\/wp\/v2\/pages"}],"about":[{"href":"https:\/\/ninus.co\/es\/wp-json\/wp\/v2\/types\/page"}],"author":[{"embeddable":true,"href":"https:\/\/ninus.co\/es\/wp-json\/wp\/v2\/users\/1"}],"replies":[{"embeddable":true,"href":"https:\/\/ninus.co\/es\/wp-json\/wp\/v2\/comments?post=55323"}],"version-history":[{"count":1,"href":"https:\/\/ninus.co\/es\/wp-json\/wp\/v2\/pages\/55323\/revisions"}],"predecessor-version":[{"id":55325,"href":"https:\/\/ninus.co\/es\/wp-json\/wp\/v2\/pages\/55323\/revisions\/55325"}],"wp:attachment":[{"href":"https:\/\/ninus.co\/es\/wp-json\/wp\/v2\/media?parent=55323"}],"curies":[{"name":"wp","href":"https:\/\/api.w.org\/{rel}","templated":true}]}}