{"id":55054,"date":"2018-11-06T20:48:10","date_gmt":"2018-11-06T20:48:10","guid":{"rendered":"https:\/\/ninus.co\/?page_id=55054"},"modified":"2020-10-01T00:05:22","modified_gmt":"2020-10-01T00:05:22","slug":"inteligencia-artificial-ai","status":"publish","type":"page","link":"https:\/\/ninus.co\/es\/inteligencia-artificial-ai\/","title":{"rendered":"Inteligencia Artificial"},"content":{"rendered":"<div class=\"wpb-content-wrapper\"><!-- CWS Row --><div class=\"cws-content\" style=\"background-size:;\"><div class=\"vc_row wpb_row vc_row-fluid\"><div class=\"wpb_column vc_column_container vc_col-sm-12 cws-column\"><div class=\"cws_vc_column-inner \"><div class=\"wpb_column vc_column_container vc_col-sm-12\"><div class=\"vc_column-inner\"><div class=\"wpb_wrapper\"><div class='cws_textmodule cws_vc_shortcode_module' id='cws_textmodule_69d75f64bf052'><div class='cws_textmodule_wrapper '><div class='cws_textmodule_text text_align_left'><div class='cws_textmodule_titles display_block'><\/div><div class='cws_textmodule_content'><div class='text_content_wrapper'><p class=\"p1\">Creamos Asistentes Virtuales o Chabots avanzados a la medida de tu negocio. Capaces de interactuar con personas, recolectar datos, consumir informaci\u00f3n de bases de datos y dem\u00e1s servicios tipo API. Lo anterior, realizando integraciones con servicios de Watson Assistant y de IBM Cloud.<\/p>\n<blockquote>\n<p class=\"p1\">As\u00ed lograr\u00e1s automatizar procesos de venta, atenci\u00f3n al cliente, capacitaciones, soporte, etc., que realices por medio de canales digitales.<\/p>\n<\/blockquote>\n<p class=\"p1\">Nuestros Asistentes Virtuales atienden por medio de un chat que se puede integrar a los diferentes canales digitales que maneje tu empresa como: p\u00e1gina web, Facebook Messenger, Telegram, WhatsApp y aplicaci\u00f3n m\u00f3vil.<\/p>\n<\/div><\/div><\/div><\/div><\/div><\/div><\/div><\/div><!-- CWS Column --> <\/div><\/div><\/div><\/div><!-- CWS Row --><div class=\"cws-content\" style=\"background-size:;\"><div class=\"vc_row wpb_row vc_row-fluid vc_custom_1543322941768\"><div class=\"wpb_column vc_column_container vc_col-sm-6 cws-column\"><div class=\"cws_vc_column-inner \"><div class=\"wpb_column vc_column_container vc_col-sm-6\"><div class=\"vc_column-inner\"><div class=\"wpb_wrapper\">\n\t<div class=\"wpb_text_column wpb_content_element\" >\n\t\t<div class=\"wpb_wrapper\">\n\t\t\t<ul>\n<li>Automatizaci\u00f3n de respuestas<\/li>\n<li>Mejoras tu nivel atenci\u00f3n al cliente<\/li>\n<li>Atenci\u00f3n 24\/7<\/li>\n<li>Reconocimiento de notas de voz<\/li>\n<\/ul>\n\n\t\t<\/div>\n\t<\/div>\n<\/div><\/div><\/div><!-- CWS Column --> <\/div><\/div><div class=\"wpb_column vc_column_container vc_col-sm-6 cws-column\"><div class=\"cws_vc_column-inner \"><div class=\"wpb_column vc_column_container vc_col-sm-6\"><div class=\"vc_column-inner\"><div class=\"wpb_wrapper\">\n\t<div class=\"wpb_text_column wpb_content_element\" >\n\t\t<div class=\"wpb_wrapper\">\n\t\t\t<ul>\n<li>Personaliza la capacidad del Asistente Virtual<\/li>\n<li>Reconoce el nivel de emoci\u00f3n de una conversaci\u00f3n<\/li>\n<li>Conecta informaci\u00f3n de bases de datos<\/li>\n<li>Reconoce documentos<\/li>\n<\/ul>\n\n\t\t<\/div>\n\t<\/div>\n<\/div><\/div><\/div><!-- CWS Column --> <\/div><\/div><\/div><\/div><!-- CWS Row --><div class=\"cws-content\" style=\"background-size:;\"><div class=\"vc_row wpb_row vc_row-fluid\"><div class=\"wpb_column vc_column_container vc_col-sm-12 cws-column\"><div class=\"cws_vc_column-inner \"><div class=\"wpb_column vc_column_container vc_col-sm-12\"><div class=\"vc_column-inner\"><div class=\"wpb_wrapper\"><div class=\"vc_empty_space\"   style=\"height: 20px\"><span class=\"vc_empty_space_inner\"><\/span><\/div>\n\t<div class=\"wpb_text_column wpb_content_element wpb_animate_when_almost_visible wpb_fadeIn fadeIn vc_custom_1601510717237\" >\n\t\t<div class=\"wpb_wrapper\">\n\t\t\t<h4 style=\"text-align: center;\"><strong>Conoce los servicios de la l\u00ednea de Inteligencia Artificial<\/strong><\/h4>\n\n\t\t<\/div>\n\t<\/div>\n<\/div><\/div><\/div><!-- CWS Column --> <\/div><\/div><\/div><\/div><!-- CWS Row --><div class=\"cws-content\" style=\"background-size:;\"><div data-vc-full-width=\"true\" data-vc-full-width-init=\"false\" data-vc-stretch-content=\"true\" data-vc-parallax=\"1.5\" data-vc-parallax-image=\"https:\/\/ninus.co\/wp-content\/uploads\/2020\/04\/textura3_inteligencia_artificial.png\" class=\"vc_row wpb_row vc_row-fluid vc_custom_1585711187432 vc_row-has-fill vc_row-no-padding vc_general vc_parallax vc_parallax-content-moving\"><div class=\"wpb_column vc_column_container vc_col-sm-6 cws-column\"><div class=\"cws_vc_column-inner \"><div class=\"wpb_column vc_column_container vc_col-sm-6\"><div class=\"vc_column-inner\"><div class=\"wpb_wrapper\"><div id='cws_benefits_item_69d75f64c0f41' class='cws_benefits_item'><div class='cws_benefits_info_wrapper'><div class='benefits_category'>Inteligencia Artificial<\/div><div class='benefits_subtitle_wrapper'><span class='benefits_subtitle_note'>1<\/span><\/div><h4 class='benefits_title'>Ninus Chatbots<\/h4><div class='benefits_description_wrapper'><div class='benefits_description'>Los Asistentes Virtuales de Ninus o Chatbot Avanzamos son una soluci\u00f3n automatizada que benefician diferentes focos de tu empresa. Ya sea servicio al cliente, como tambi\u00e9n capacitaciones o ventas. Usamos Inteligencia Artificial para entender y resolver las necesidades de los clientes en tiempo real con una infraestructura s\u00f3lida que nos permite conectarnos a bases de datos o APIs. Puedes personalizar todos los dialogos para generar la empat\u00eda que desees.<\/div><\/div><\/div><\/div><\/div><\/div><\/div><!-- CWS Column --> <\/div><\/div><div class=\"wpb_column vc_column_container vc_col-sm-6 cws-column\"><div class=\"cws_vc_column-inner \"><div class=\"wpb_column vc_column_container vc_col-sm-6\"><div class=\"vc_column-inner\"><div class=\"wpb_wrapper\"><div id='cws_benefits_item_69d75f64c1383' class='cws_benefits_item'><div class='cws_benefits_info_wrapper'><div class='benefits_category'>Inteligencia Artificial<\/div><div class='benefits_subtitle_wrapper'><span class='benefits_subtitle_note'>2<\/span><\/div><h4 class='benefits_title'>Integraciones Ninus<\/h4><div class='benefits_description_wrapper'><div class='benefits_description'>Hacemos posible que tu asistente virtual pueda atender por medio de Facebook Messenger, Telegram, WhatsApp, as\u00ed como en tu propia p\u00e1gina web y app. Adem\u00e1s de extraer informaci\u00f3n de bases de datos y APIs, tu Asistente virtual podr\u00e1 incluir: traductor autom\u00e1tico y reconocimiento de voz, im\u00e1genes, documentos y emociones.<\/div><\/div><\/div><\/div><\/div><\/div><\/div><!-- CWS Column --> <\/div><\/div><\/div><div class=\"vc_row-full-width vc_clearfix\"><\/div><\/div><!-- CWS Row --><div class=\"cws-content\" style=\"background-size:;\"><div class=\"vc_row wpb_row vc_row-fluid\"><div class=\"wpb_column vc_column_container vc_col-sm-12 cws-column\"><div class=\"cws_vc_column-inner \"><div class=\"wpb_column vc_column_container vc_col-sm-12\"><div class=\"vc_column-inner\"><div class=\"wpb_wrapper\"><div class=\"vc_empty_space\"   style=\"height: 30px\"><span class=\"vc_empty_space_inner\"><\/span><\/div><div class='sc_button_wrapper align-center mobile-align-center'><div id='cws_vc_shortcode_button_69d75f64c1aa8' class='cws_custom_button_wrapper cws_sc_button regular advanced'><span><a href='https:\/\/ninus.co\/contactanos\/' class='cws_custom_button'><span>Cont\u00e1ctanos<\/span><\/a><\/span><\/div><\/div><div class=\"vc_empty_space\"   style=\"height: 30px\"><span class=\"vc_empty_space_inner\"><\/span><\/div><\/div><\/div><\/div><!-- CWS Column --> <\/div><\/div><\/div><\/div><!-- CWS Row --><div class=\"cws-content\" style=\"background-size:;\"><div class=\"vc_row wpb_row vc_row-fluid\"><div class=\"wpb_column vc_column_container vc_col-sm-12 cws-column\"><div class=\"cws_vc_column-inner \"><div class=\"wpb_column vc_column_container vc_col-sm-12\"><div class=\"vc_column-inner\"><div class=\"wpb_wrapper\">\n\t<div class=\"wpb_text_column wpb_content_element wpb_animate_when_almost_visible wpb_fadeIn fadeIn vc_custom_1601510623405\" >\n\t\t<div class=\"wpb_wrapper\">\n\t\t\t<h4 style=\"text-align: center;\"><strong>Chatea con algunos de nuestros Asistentes Virtuales:<\/strong><\/h4>\n\n\t\t<\/div>\n\t<\/div>\n<\/div><\/div><\/div><!-- CWS Column --> <\/div><\/div><\/div><\/div><!-- CWS Row --><div class=\"cws-content\" style=\"background-size:;\"><div class=\"vc_row wpb_row vc_row-fluid\"><div class=\"wpb_column vc_column_container vc_col-sm-6 cws-column\"><div class=\"cws_vc_column-inner \"><div class=\"wpb_column vc_column_container vc_col-sm-6\"><div class=\"vc_column-inner\"><div class=\"wpb_wrapper\">\n\t<div  class=\"wpb_single_image wpb_content_element vc_align_center wpb_content_element\">\n\t\t\n\t\t<figure class=\"wpb_wrapper vc_figure\">\n\t\t\t<a href=\"https:\/\/ninus.co\/vidabot-asistente-virtual-coronavirus\/\" target=\"_self\" class=\"vc_single_image-wrapper   vc_box_border_grey\"><img loading=\"lazy\" decoding=\"async\" width=\"300\" height=\"300\" src=\"https:\/\/ninus.co\/wp-content\/uploads\/2020\/09\/botonvidabotai-300x300.png\" class=\"vc_single_image-img attachment-medium\" alt=\"\" title=\"botonvidabotai\" srcset=\"https:\/\/ninus.co\/wp-content\/uploads\/2020\/09\/botonvidabotai-300x300.png 300w, https:\/\/ninus.co\/wp-content\/uploads\/2020\/09\/botonvidabotai-150x150.png 150w, https:\/\/ninus.co\/wp-content\/uploads\/2020\/09\/botonvidabotai-100x100.png 100w, https:\/\/ninus.co\/wp-content\/uploads\/2020\/09\/botonvidabotai.png 372w\" sizes=\"(max-width: 300px) 100vw, 300px\" \/><\/a>\n\t\t<\/figure>\n\t<\/div>\n<\/div><\/div><\/div><!-- CWS Column --> <\/div><\/div><div class=\"wpb_column vc_column_container vc_col-sm-6 cws-column\"><div class=\"cws_vc_column-inner \"><div class=\"wpb_column vc_column_container vc_col-sm-6\"><div class=\"vc_column-inner\"><div class=\"wpb_wrapper\">\n\t<div  class=\"wpb_single_image wpb_content_element vc_align_center wpb_content_element\">\n\t\t\n\t\t<figure class=\"wpb_wrapper vc_figure\">\n\t\t\t<a href=\"https:\/\/ninus.co\/es\/retolab\/\" target=\"_self\" class=\"vc_single_image-wrapper   vc_box_border_grey\"><img loading=\"lazy\" decoding=\"async\" width=\"300\" height=\"300\" src=\"https:\/\/ninus.co\/wp-content\/uploads\/2020\/09\/botonvidabotai2-300x300.png\" class=\"vc_single_image-img attachment-medium\" alt=\"\" title=\"botonvidabotai2\" srcset=\"https:\/\/ninus.co\/wp-content\/uploads\/2020\/09\/botonvidabotai2-300x300.png 300w, https:\/\/ninus.co\/wp-content\/uploads\/2020\/09\/botonvidabotai2-150x150.png 150w, https:\/\/ninus.co\/wp-content\/uploads\/2020\/09\/botonvidabotai2-100x100.png 100w, https:\/\/ninus.co\/wp-content\/uploads\/2020\/09\/botonvidabotai2.png 372w\" sizes=\"(max-width: 300px) 100vw, 300px\" \/><\/a>\n\t\t<\/figure>\n\t<\/div>\n<\/div><\/div><\/div><!-- CWS Column --> <\/div><\/div><\/div><\/div>\n<\/div>","protected":false},"excerpt":{"rendered":"Creamos Asistentes Virtuales o Chabots avanzados a la medida de tu negocio. Capaces de interactuar con personas, recolectar datos, consumir informaci\u00f3n de bases de datos y dem\u00e1s servicios tipo API. Lo anterior, realizando integraciones con servicios de Watson Assistant y de IBM Cloud. As\u00ed lograr\u00e1s automatizar procesos de venta, atenci\u00f3n al cliente, capacitaciones, soporte, etc., que realices por medio de canales digitales. Nuestros Asistentes Virtuales atienden por medio de un chat que se puede integrar a los diferentes canales digitales que maneje tu empresa como: p\u00e1gina web, Facebook Messenger, Telegram, WhatsApp y aplicaci\u00f3n m\u00f3vil. Automatizaci\u00f3n de respuestas Mejoras tu nivel atenci\u00f3n al cliente Atenci\u00f3n 24\/7 Reconocimiento de notas de voz Personaliza la capacidad del Asistente Virtual Reconoce el nivel de emoci\u00f3n de una conversaci\u00f3n Conecta informaci\u00f3n de bases de datos Reconoce documentos Conoce los servicios de la l\u00ednea de Inteligencia Artificial Inteligencia Artificial1Ninus ChatbotsLos Asistentes Virtuales de Ninus o Chatbot Avanzamos son una soluci\u00f3n automatizada que benefician diferentes focos de tu empresa. Ya sea servicio al cliente, como tambi\u00e9n capacitaciones o ventas. Usamos Inteligencia Artificial para entender y resolver las necesidades de los clientes en tiempo real con una infraestructura s\u00f3lida que nos permite conectarnos a bases de datos o APIs. Puedes personalizar todos los dialogos para generar la empat\u00eda que desees. Inteligencia Artificial2Integraciones NinusHacemos posible que tu asistente virtual pueda atender por medio de Facebook Messenger, Telegram, WhatsApp, as\u00ed como en tu propia p\u00e1gina web y app. Adem\u00e1s de extraer informaci\u00f3n de bases de datos y APIs, tu Asistente virtual podr\u00e1 incluir: traductor autom\u00e1tico y reconocimiento de voz, im\u00e1genes, documentos y emociones. Cont\u00e1ctanos Chatea con algunos de nuestros Asistentes Virtuales:","protected":false},"author":1,"featured_media":0,"parent":0,"menu_order":0,"comment_status":"closed","ping_status":"closed","template":"","meta":{"content-type":"","_exactmetrics_skip_tracking":false,"_exactmetrics_sitenote_active":false,"_exactmetrics_sitenote_note":"","_exactmetrics_sitenote_category":0,"footnotes":""},"class_list":["post-55054","page","type-page","status-publish","hentry"],"yoast_head":"<!-- This site is optimized with the Yoast SEO plugin v24.9 - https:\/\/yoast.com\/wordpress\/plugins\/seo\/ -->\n<title>Inteligencia Artificial - Ninus Design &amp; Technology<\/title>\n<meta name=\"description\" content=\"Creamos Asistentes Virtuales o Chabots avanzados a la medida de tu negocio. Capaces de interactuar con personas, recolectar datos, consumir informaci\u00f3n de bases de datos y dem\u00e1s servicios tipo API.\" \/>\n<meta name=\"robots\" content=\"index, follow, max-snippet:-1, max-image-preview:large, max-video-preview:-1\" \/>\n<link rel=\"canonical\" href=\"https:\/\/ninus.co\/es\/inteligencia-artificial-ai\/\" \/>\n<meta property=\"og:locale\" content=\"es_ES\" \/>\n<meta property=\"og:type\" content=\"article\" \/>\n<meta property=\"og:title\" content=\"Inteligencia Artificial - Ninus Design &amp; Technology\" \/>\n<meta property=\"og:description\" content=\"Creamos Asistentes Virtuales o Chabots avanzados a la medida de tu negocio. Capaces de interactuar con personas, recolectar datos, consumir informaci\u00f3n de bases de datos y dem\u00e1s servicios tipo API.\" \/>\n<meta property=\"og:url\" content=\"https:\/\/ninus.co\/es\/inteligencia-artificial-ai\/\" \/>\n<meta property=\"og:site_name\" content=\"Ninus Design &amp; Technology\" \/>\n<meta property=\"article:publisher\" content=\"https:\/\/www.facebook.com\/NinusDyT\/\" \/>\n<meta property=\"article:modified_time\" content=\"2020-10-01T00:05:22+00:00\" \/>\n<meta name=\"twitter:card\" content=\"summary_large_image\" \/>\n<meta name=\"twitter:site\" content=\"@Ninus_deyt\" \/>\n<meta name=\"twitter:label1\" content=\"Tiempo de lectura\" \/>\n\t<meta name=\"twitter:data1\" content=\"3 minutos\" \/>\n<script type=\"application\/ld+json\" class=\"yoast-schema-graph\">{\"@context\":\"https:\/\/schema.org\",\"@graph\":[{\"@type\":\"WebPage\",\"@id\":\"https:\/\/ninus.co\/es\/inteligencia-artificial-ai\/\",\"url\":\"https:\/\/ninus.co\/es\/inteligencia-artificial-ai\/\",\"name\":\"Inteligencia Artificial - Ninus Design &amp; Technology\",\"isPartOf\":{\"@id\":\"https:\/\/ninus.co\/es\/#website\"},\"datePublished\":\"2018-11-06T20:48:10+00:00\",\"dateModified\":\"2020-10-01T00:05:22+00:00\",\"description\":\"Creamos Asistentes Virtuales o Chabots avanzados a la medida de tu negocio. Capaces de interactuar con personas, recolectar datos, consumir informaci\u00f3n de bases de datos y dem\u00e1s servicios tipo API.\",\"breadcrumb\":{\"@id\":\"https:\/\/ninus.co\/es\/inteligencia-artificial-ai\/#breadcrumb\"},\"inLanguage\":\"es-CO\",\"potentialAction\":[{\"@type\":\"ReadAction\",\"target\":[\"https:\/\/ninus.co\/es\/inteligencia-artificial-ai\/\"]}]},{\"@type\":\"BreadcrumbList\",\"@id\":\"https:\/\/ninus.co\/es\/inteligencia-artificial-ai\/#breadcrumb\",\"itemListElement\":[{\"@type\":\"ListItem\",\"position\":1,\"name\":\"Home\",\"item\":\"https:\/\/ninus.co\/\"},{\"@type\":\"ListItem\",\"position\":2,\"name\":\"Inteligencia Artificial\"}]},{\"@type\":\"WebSite\",\"@id\":\"https:\/\/ninus.co\/es\/#website\",\"url\":\"https:\/\/ninus.co\/es\/\",\"name\":\"Ninus Design & Technology\",\"description\":\"Creando el futuro\",\"publisher\":{\"@id\":\"https:\/\/ninus.co\/es\/#organization\"},\"potentialAction\":[{\"@type\":\"SearchAction\",\"target\":{\"@type\":\"EntryPoint\",\"urlTemplate\":\"https:\/\/ninus.co\/es\/?s={search_term_string}\"},\"query-input\":{\"@type\":\"PropertyValueSpecification\",\"valueRequired\":true,\"valueName\":\"search_term_string\"}}],\"inLanguage\":\"es-CO\"},{\"@type\":\"Organization\",\"@id\":\"https:\/\/ninus.co\/es\/#organization\",\"name\":\"Ninus Design & Technology\",\"url\":\"https:\/\/ninus.co\/es\/\",\"logo\":{\"@type\":\"ImageObject\",\"inLanguage\":\"es-CO\",\"@id\":\"https:\/\/ninus.co\/es\/#\/schema\/logo\/image\/\",\"url\":\"https:\/\/ninus.co\/wp-content\/uploads\/2019\/04\/Logo-nuevo-fondo-transparente-1.png\",\"contentUrl\":\"https:\/\/ninus.co\/wp-content\/uploads\/2019\/04\/Logo-nuevo-fondo-transparente-1.png\",\"width\":960,\"height\":960,\"caption\":\"Ninus Design & Technology\"},\"image\":{\"@id\":\"https:\/\/ninus.co\/es\/#\/schema\/logo\/image\/\"},\"sameAs\":[\"https:\/\/www.facebook.com\/NinusDyT\/\",\"https:\/\/x.com\/Ninus_deyt\",\"https:\/\/www.instagram.com\/ninusdesignandtechnology\/\",\"https:\/\/www.linkedin.com\/company\/ninusdyt\/\",\"https:\/\/www.youtube.com\/channel\/UCmR4PVtt0mg5TnaQpt--rLQ\"]}]}<\/script>\n<!-- \/ Yoast SEO plugin. -->","yoast_head_json":{"title":"Inteligencia Artificial - Ninus Design &amp; Technology","description":"Creamos Asistentes Virtuales o Chabots avanzados a la medida de tu negocio. Capaces de interactuar con personas, recolectar datos, consumir informaci\u00f3n de bases de datos y dem\u00e1s servicios tipo API.","robots":{"index":"index","follow":"follow","max-snippet":"max-snippet:-1","max-image-preview":"max-image-preview:large","max-video-preview":"max-video-preview:-1"},"canonical":"https:\/\/ninus.co\/es\/inteligencia-artificial-ai\/","og_locale":"es_ES","og_type":"article","og_title":"Inteligencia Artificial - Ninus Design &amp; Technology","og_description":"Creamos Asistentes Virtuales o Chabots avanzados a la medida de tu negocio. Capaces de interactuar con personas, recolectar datos, consumir informaci\u00f3n de bases de datos y dem\u00e1s servicios tipo API.","og_url":"https:\/\/ninus.co\/es\/inteligencia-artificial-ai\/","og_site_name":"Ninus Design &amp; Technology","article_publisher":"https:\/\/www.facebook.com\/NinusDyT\/","article_modified_time":"2020-10-01T00:05:22+00:00","twitter_card":"summary_large_image","twitter_site":"@Ninus_deyt","twitter_misc":{"Tiempo de lectura":"3 minutos"},"schema":{"@context":"https:\/\/schema.org","@graph":[{"@type":"WebPage","@id":"https:\/\/ninus.co\/es\/inteligencia-artificial-ai\/","url":"https:\/\/ninus.co\/es\/inteligencia-artificial-ai\/","name":"Inteligencia Artificial - Ninus Design &amp; Technology","isPartOf":{"@id":"https:\/\/ninus.co\/es\/#website"},"datePublished":"2018-11-06T20:48:10+00:00","dateModified":"2020-10-01T00:05:22+00:00","description":"Creamos Asistentes Virtuales o Chabots avanzados a la medida de tu negocio. Capaces de interactuar con personas, recolectar datos, consumir informaci\u00f3n de bases de datos y dem\u00e1s servicios tipo API.","breadcrumb":{"@id":"https:\/\/ninus.co\/es\/inteligencia-artificial-ai\/#breadcrumb"},"inLanguage":"es-CO","potentialAction":[{"@type":"ReadAction","target":["https:\/\/ninus.co\/es\/inteligencia-artificial-ai\/"]}]},{"@type":"BreadcrumbList","@id":"https:\/\/ninus.co\/es\/inteligencia-artificial-ai\/#breadcrumb","itemListElement":[{"@type":"ListItem","position":1,"name":"Home","item":"https:\/\/ninus.co\/"},{"@type":"ListItem","position":2,"name":"Inteligencia Artificial"}]},{"@type":"WebSite","@id":"https:\/\/ninus.co\/es\/#website","url":"https:\/\/ninus.co\/es\/","name":"Ninus Design & Technology","description":"Creando el futuro","publisher":{"@id":"https:\/\/ninus.co\/es\/#organization"},"potentialAction":[{"@type":"SearchAction","target":{"@type":"EntryPoint","urlTemplate":"https:\/\/ninus.co\/es\/?s={search_term_string}"},"query-input":{"@type":"PropertyValueSpecification","valueRequired":true,"valueName":"search_term_string"}}],"inLanguage":"es-CO"},{"@type":"Organization","@id":"https:\/\/ninus.co\/es\/#organization","name":"Ninus Design & Technology","url":"https:\/\/ninus.co\/es\/","logo":{"@type":"ImageObject","inLanguage":"es-CO","@id":"https:\/\/ninus.co\/es\/#\/schema\/logo\/image\/","url":"https:\/\/ninus.co\/wp-content\/uploads\/2019\/04\/Logo-nuevo-fondo-transparente-1.png","contentUrl":"https:\/\/ninus.co\/wp-content\/uploads\/2019\/04\/Logo-nuevo-fondo-transparente-1.png","width":960,"height":960,"caption":"Ninus Design & Technology"},"image":{"@id":"https:\/\/ninus.co\/es\/#\/schema\/logo\/image\/"},"sameAs":["https:\/\/www.facebook.com\/NinusDyT\/","https:\/\/x.com\/Ninus_deyt","https:\/\/www.instagram.com\/ninusdesignandtechnology\/","https:\/\/www.linkedin.com\/company\/ninusdyt\/","https:\/\/www.youtube.com\/channel\/UCmR4PVtt0mg5TnaQpt--rLQ"]}]}},"_links":{"self":[{"href":"https:\/\/ninus.co\/es\/wp-json\/wp\/v2\/pages\/55054"}],"collection":[{"href":"https:\/\/ninus.co\/es\/wp-json\/wp\/v2\/pages"}],"about":[{"href":"https:\/\/ninus.co\/es\/wp-json\/wp\/v2\/types\/page"}],"author":[{"embeddable":true,"href":"https:\/\/ninus.co\/es\/wp-json\/wp\/v2\/users\/1"}],"replies":[{"embeddable":true,"href":"https:\/\/ninus.co\/es\/wp-json\/wp\/v2\/comments?post=55054"}],"version-history":[{"count":71,"href":"https:\/\/ninus.co\/es\/wp-json\/wp\/v2\/pages\/55054\/revisions"}],"predecessor-version":[{"id":55874,"href":"https:\/\/ninus.co\/es\/wp-json\/wp\/v2\/pages\/55054\/revisions\/55874"}],"wp:attachment":[{"href":"https:\/\/ninus.co\/es\/wp-json\/wp\/v2\/media?parent=55054"}],"curies":[{"name":"wp","href":"https:\/\/api.w.org\/{rel}","templated":true}]}}