{"id":55019,"date":"2018-11-06T19:44:59","date_gmt":"2018-11-06T19:44:59","guid":{"rendered":"https:\/\/ninus.co\/?page_id=55019"},"modified":"2020-10-01T00:10:45","modified_gmt":"2020-10-01T00:10:45","slug":"experiencias-de-cliente-vr-ar","status":"publish","type":"page","link":"https:\/\/ninus.co\/es\/experiencias-de-cliente-vr-ar\/","title":{"rendered":"Realidad Virtual y Aumentada"},"content":{"rendered":"<div class=\"wpb-content-wrapper\"><!-- CWS Row --><div class=\"cws-content\" style=\"background-size:;\"><div class=\"vc_row wpb_row vc_row-fluid\"><div class=\"wpb_column vc_column_container vc_col-sm-12 cws-column\"><div class=\"cws_vc_column-inner \"><div class=\"wpb_column vc_column_container vc_col-sm-12\"><div class=\"vc_column-inner\"><div class=\"wpb_wrapper\">\n\t<div class=\"wpb_text_column wpb_content_element\" >\n\t\t<div class=\"wpb_wrapper\">\n\t\t\t<p>En Ninus el usuario est\u00e1 en el centro del dise\u00f1o, nuestras soluciones tecnol\u00f3gicas est\u00e1n pensadas para quien las usa. Llevamos la tecnolog\u00eda m\u00e1s all\u00e1 del desarrollo para crear experiencias donde el dise\u00f1o juega el rol principal para crear experiencias inolvidables.<\/p>\n<blockquote>\n<p class=\"p1\">Con tecnolog\u00edas como Realidad Virtual y Realidad Aumentada podemos traer a la realidad tu imaginario.&#8221;<\/p>\n<\/blockquote>\n\n\t\t<\/div>\n\t<\/div>\n<div class=\"vc_empty_space\"   style=\"height: 10px\"><span class=\"vc_empty_space_inner\"><\/span><\/div><\/div><\/div><\/div><!-- CWS Column --> <\/div><\/div><\/div><\/div><!-- CWS Row --><div class=\"cws-content\" style=\"background-size:;\"><div class=\"vc_row wpb_row vc_row-fluid\"><div class=\"wpb_column vc_column_container vc_col-sm-6 cws-column\"><div class=\"cws_vc_column-inner \"><div class=\"wpb_column vc_column_container vc_col-sm-6\"><div class=\"vc_column-inner\"><div class=\"wpb_wrapper\">\n\t<div class=\"wpb_text_column wpb_content_element\" >\n\t\t<div class=\"wpb_wrapper\">\n\t\t\t<p>La <strong>Realidad Aumentada (RA)<\/strong> permite aumentar la realidad colocando im\u00e1genes, videos y dem\u00e1s elementos virtuales sobre el mundo que vemos, tal que el mundo digital y el mundo real se vuelven uno solo a trav\u00e9s de una pantalla.<\/p>\n\n\t\t<\/div>\n\t<\/div>\n<\/div><\/div><\/div><!-- CWS Column --> <\/div><\/div><div class=\"wpb_column vc_column_container vc_col-sm-6 cws-column\"><div class=\"cws_vc_column-inner \"><div class=\"wpb_column vc_column_container vc_col-sm-6\"><div class=\"vc_column-inner\"><div class=\"wpb_wrapper\">\n\t<div class=\"wpb_text_column wpb_content_element\" >\n\t\t<div class=\"wpb_wrapper\">\n\t\t\t<p>La <strong>Realidad Virtual (RV)<\/strong> permite crear escenarios virtuales inmersivos, de<br \/>\nmanera que las personas se sientan dentro de diferentes situaciones o lugares sin ir hacia ellos o sin siquiera existir en la vida real.<\/p>\n\n\t\t<\/div>\n\t<\/div>\n<\/div><\/div><\/div><!-- CWS Column --> <\/div><\/div><\/div><\/div><!-- CWS Row --><div class=\"cws-content\" style=\"background-size:;\"><div class=\"vc_row wpb_row vc_row-fluid\"><div class=\"wpb_column vc_column_container vc_col-sm-12 cws-column\"><div class=\"cws_vc_column-inner \"><div class=\"wpb_column vc_column_container vc_col-sm-12\"><div class=\"vc_column-inner\"><div class=\"wpb_wrapper\"><div class=\"vc_empty_space\"   style=\"height: 17px\"><span class=\"vc_empty_space_inner\"><\/span><\/div>\n\t<div class=\"wpb_text_column wpb_content_element\" >\n\t\t<div class=\"wpb_wrapper\">\n\t\t\t<p>Comunica tus ideas de manera efectiva permitiendo que tus clientes vivencien experiencias que generen mayor recordaci\u00f3n. Podr\u00e1s obtener beneficios de acuerdo al enfoque que requieras en tu soluci\u00f3n:<\/p>\n\n\t\t<\/div>\n\t<\/div>\n<\/div><\/div><\/div><!-- CWS Column --> <\/div><\/div><\/div><\/div><!-- CWS Row --><div class=\"cws-content\" style=\"background-size:;\"><div class=\"vc_row wpb_row vc_row-fluid\"><div class=\"wpb_column vc_column_container vc_col-sm-6 cws-column\"><div class=\"cws_vc_column-inner \"><div class=\"wpb_column vc_column_container vc_col-sm-6\"><div class=\"vc_column-inner\"><div class=\"wpb_wrapper\">\n\t<div class=\"wpb_text_column wpb_content_element vc_custom_1543247283314\" >\n\t\t<div class=\"wpb_wrapper\">\n\t\t\t<ul>\n<li>\n<p class=\"p1\">Testea y experimenta en entornos virtuales (reduce costos de pruebas)<\/p>\n<\/li>\n<li>\n<p class=\"p1\">Simula trabajos con maquinaria y entornos de alto riesgo<\/p>\n<\/li>\n<li>\n<p class=\"p1\">Desarrolla entornos divertidos e interactivos<\/p>\n<\/li>\n<\/ul>\n\n\t\t<\/div>\n\t<\/div>\n<\/div><\/div><\/div><!-- CWS Column --> <\/div><\/div><div class=\"wpb_column vc_column_container vc_col-sm-6 cws-column\"><div class=\"cws_vc_column-inner \"><div class=\"wpb_column vc_column_container vc_col-sm-6\"><div class=\"vc_column-inner\"><div class=\"wpb_wrapper\">\n\t<div class=\"wpb_text_column wpb_content_element vc_custom_1543247292699\" >\n\t\t<div class=\"wpb_wrapper\">\n\t\t\t<ul>\n<li>\n<p class=\"p1\">Transforma la experiencia de tu cliente<\/p>\n<\/li>\n<li>\n<p class=\"p1\">Replica digitalmente habilidades blandas e interacci\u00f3n humana<\/p>\n<\/li>\n<li>\n<p class=\"p1\">Capacita tu personal de forma escalable, con menos costos y libre de riesgos<\/p>\n<\/li>\n<\/ul>\n\n\t\t<\/div>\n\t<\/div>\n<\/div><\/div><\/div><!-- CWS Column --> <\/div><\/div><\/div><\/div><!-- CWS Row --><div class=\"cws-content\" style=\"background-size:;\"><div class=\"vc_row wpb_row vc_row-fluid\"><div class=\"wpb_column vc_column_container vc_col-sm-12 cws-column\"><div class=\"cws_vc_column-inner \"><div class=\"wpb_column vc_column_container vc_col-sm-12\"><div class=\"vc_column-inner\"><div class=\"wpb_wrapper\"><div class=\"vc_empty_space\"   style=\"height: 25px\"><span class=\"vc_empty_space_inner\"><\/span><\/div>\n\t<div class=\"wpb_text_column wpb_content_element wpb_animate_when_almost_visible wpb_fadeIn fadeIn vc_custom_1585710177775\" >\n\t\t<div class=\"wpb_wrapper\">\n\t\t\t<h3 style=\"text-align: center;\">Conoce los servicios de la l\u00ednea de Experiencias de RV y RA:<\/h3>\n\n\t\t<\/div>\n\t<\/div>\n<\/div><\/div><\/div><!-- CWS Column --> <\/div><\/div><\/div><\/div><!-- CWS Row --><div class=\"cws-content\" style=\"background-repeat:no-repeat;background-size:cover;background-position:50% 100%;\"><div data-vc-full-width=\"true\" data-vc-full-width-init=\"false\" data-vc-stretch-content=\"true\" data-vc-parallax=\"1.5\" data-vc-parallax-image=\"https:\/\/ninus.co\/wp-content\/uploads\/2020\/04\/textura_inteligencia_artificial.png\" class=\"vc_row wpb_row vc_row-fluid vc_custom_1585709972086 vc_row-has-fill vc_row-no-padding vc_general vc_parallax vc_parallax-content-moving\"><div class=\"wpb_column vc_column_container vc_col-sm-6 vc_col-md-3 vc_col-has-padding cws-column\"><div class=\"cws_vc_column-inner vc_custom_1538985860267\"><div class=\"wpb_animate_when_almost_visible wpb_slideInLeft slideInLeft wpb_column vc_column_container vc_col-sm-6 vc_col-md-3\"><div class=\"vc_column-inner vc_custom_1538985860267\"><div class=\"wpb_wrapper\"><div id='cws_benefits_item_69d7cbf7a4680' class='cws_benefits_item'><div class='cws_benefits_info_wrapper'><div class='benefits_category'>Realidad Aumentada \/ Realidad Virtual<\/div><div class='benefits_subtitle_wrapper'><span class='benefits_subtitle_note'>1<\/span><h6 class='benefits_subtitle'>Ninus Desarrollo Web<\/h6><\/div><h4 class='benefits_title'>Soluciones web<\/h4><div class='benefits_description_wrapper'><div class='benefits_description'>Realidad Virtual y Realidad Aumentada al alcance de un click. Creamos tus entornos digitales en la nube, accede a ellos desde cualquier dispositivo (m\u00f3vil o escritorio), simplemente ingresa al link especializado y crea experiencias inmersivas. Sin necesidad de descargar nada, solo con un link, nuestras soluciones web tienen un mayor alcance que cualquier otra alternativa en el mercado.<\/div><\/div><\/div><\/div><\/div><\/div><\/div><!-- CWS Column --> <\/div><\/div><div class=\"wpb_column vc_column_container vc_col-sm-6 vc_col-md-3 vc_col-has-fill vc_col-has-border vc_col-has-padding cws-column\"><div class=\"cws_vc_column-inner vc_custom_1538985868305\"><div class=\"wpb_animate_when_almost_visible wpb_slideInLeft slideInLeft wpb_column vc_column_container vc_col-sm-6 vc_col-md-3 vc_col-has-fill\"><div class=\"vc_column-inner vc_custom_1538985868305\"><div class=\"wpb_wrapper\"><div id='cws_benefits_item_69d7cbf7a4926' class='cws_benefits_item'><div class='cws_benefits_info_wrapper'><div class='benefits_category'>Realidad Aumentada \/ Realidad Virtual<\/div><div class='benefits_subtitle_wrapper'><span class='benefits_subtitle_note'>2<\/span><h6 class='benefits_subtitle'>Ninus Desarrollo App<\/h6><\/div><h4 class='benefits_title'>Soluciones App<\/h4><div class='benefits_description_wrapper'><div class='benefits_description'>Para soluciones con mayores requerimientos pero con el mismo nivel de alcance que la tecnolog\u00eda m\u00f3vil existen los desarrollos app VR\/AR. Proyecta realidad aumentada o realidad virtual desde una aplicaci\u00f3n m\u00f3vil especializada para tu marca.<\/div><\/div><\/div><\/div><\/div><\/div><\/div><!-- CWS Column --> <\/div><\/div><div class=\"wpb_column vc_column_container vc_col-sm-6 vc_col-md-3 vc_col-has-fill vc_col-has-border vc_col-has-padding cws-column\"><div class=\"cws_vc_column-inner vc_custom_1538985880172\"><div class=\"wpb_animate_when_almost_visible wpb_slideInRight slideInRight wpb_column vc_column_container vc_col-sm-6 vc_col-md-3 vc_col-has-fill\"><div class=\"vc_column-inner vc_custom_1538985880172\"><div class=\"wpb_wrapper\"><div id='cws_benefits_item_69d7cbf7a4be0' class='cws_benefits_item'><div class='cws_benefits_info_wrapper'><div class='benefits_category'>Realidad Virtual<\/div><div class='benefits_subtitle_wrapper'><span class='benefits_subtitle_note'>3<\/span><h6 class='benefits_subtitle'>Ninus VR vision<\/h6><\/div><h4 class='benefits_title'>Training Lab VR Oculus<\/h4><div class='benefits_description_wrapper'><div class='benefits_description'>Crea entornos para capacitar y entrenar. Desde escenarios de alto riesgo, hasta simulaci\u00f3n de interacciones humanas, el l\u00edmite est\u00e1 en tu imaginaci\u00f3n.Contamos con un equipo de expertos en ilustraci\u00f3n 3D para hacer de tus experiencias en el Training Lab lo m\u00e1s cercanas a la realidad. Entrena a tus operarios sobre una nueva maquinaria, o capacita a tus empleados en atenci\u00f3n al servicio al cliente.<\/div><\/div><\/div><\/div><\/div><\/div><\/div><!-- CWS Column --> <\/div><\/div><div class=\"wpb_column vc_column_container vc_col-sm-6 vc_col-md-3 vc_col-has-fill vc_col-has-border vc_col-has-padding cws-column\"><div class=\"cws_vc_column-inner vc_custom_1538985889331\"><div class=\"wpb_animate_when_almost_visible wpb_slideInRight slideInRight wpb_column vc_column_container vc_col-sm-6 vc_col-md-3 vc_col-has-fill\"><div class=\"vc_column-inner vc_custom_1538985889331\"><div class=\"wpb_wrapper\"><div id='cws_benefits_item_69d7cbf7a4e93' class='cws_benefits_item'><div class='cws_benefits_info_wrapper'><div class='benefits_category'>Ninus Experience<\/div><div class='benefits_subtitle_wrapper'><span class='benefits_subtitle_note'>4<\/span><h6 class='benefits_subtitle'>Ninus Experience<\/h6><\/div><h4 class='benefits_title'>Experiencias interactivas tech<\/h4><div class='benefits_description_wrapper'><div class='benefits_description'>Crea experiencias \u00fanicas a trav\u00e9s de la tecnolog\u00eda. Desde sensores de movimiento y proximidad hasta sistemas de detecci\u00f3n de emosiones. Empleamos las \u00faltimas tendencias en tecnolog\u00eda para traer el mundo digital a la experiencia del cliente.<\/div><\/div><\/div><\/div><\/div><\/div><\/div><!-- CWS Column --> <\/div><\/div><\/div><div class=\"vc_row-full-width vc_clearfix\"><\/div><\/div><!-- CWS Row --><div class=\"cws-content\" style=\"background-size:;\"><div class=\"vc_row wpb_row vc_row-fluid vc_custom_1543324860903\"><div class=\"wpb_column vc_column_container vc_col-sm-12 cws-column\"><div class=\"cws_vc_column-inner \"><div class=\"wpb_column vc_column_container vc_col-sm-12\"><div class=\"vc_column-inner\"><div class=\"wpb_wrapper\"><div class=\"vc_empty_space\"   style=\"height: 30px\"><span class=\"vc_empty_space_inner\"><\/span><\/div><div class='sc_button_wrapper align-center mobile-align-center'><div id='cws_vc_shortcode_button_69d7cbf7a52dc' class='cws_custom_button_wrapper cws_sc_button regular advanced'><span><a href='https:\/\/ninus.co\/contactanos\/' class='cws_custom_button'><span>CONT\u00c1CTANOS<\/span><\/a><\/span><\/div><\/div><div class='sc_button_wrapper align-center mobile-align-center'><div id='cws_vc_shortcode_button_69d7cbf7a5388' class='cws_custom_button_wrapper cws_sc_button regular advanced'><span><a href='https:\/\/ninus.co\/es\/eventos-3d\/' class='cws_custom_button'><span>EVENTOS VIRTUALES NINUS<\/span><\/a><\/span><\/div><\/div><\/div><\/div><\/div><!-- CWS Column --> <\/div><\/div><\/div><\/div>\n<\/div>","protected":false},"excerpt":{"rendered":"En Ninus el usuario est\u00e1 en el centro del dise\u00f1o, nuestras soluciones tecnol\u00f3gicas est\u00e1n pensadas para quien las usa. Llevamos la tecnolog\u00eda m\u00e1s all\u00e1 del desarrollo para crear experiencias donde el dise\u00f1o juega el rol principal para crear experiencias inolvidables. Con tecnolog\u00edas como Realidad Virtual y Realidad Aumentada podemos traer a la realidad tu imaginario.\" La Realidad Aumentada (RA) permite aumentar la realidad colocando im\u00e1genes, videos y dem\u00e1s elementos virtuales sobre el mundo que vemos, tal que el mundo digital y el mundo real se vuelven uno solo a trav\u00e9s de una pantalla. La Realidad Virtual (RV) permite crear escenarios virtuales inmersivos, de manera que las personas se sientan dentro de diferentes situaciones o lugares sin ir hacia ellos o sin siquiera existir en la vida real. Comunica tus ideas de manera efectiva permitiendo que tus clientes vivencien experiencias que generen mayor recordaci\u00f3n. Podr\u00e1s obtener beneficios de acuerdo al enfoque que requieras en tu soluci\u00f3n: Testea y experimenta en entornos virtuales (reduce costos de pruebas) Simula trabajos con maquinaria y entornos de alto riesgo Desarrolla entornos divertidos e interactivos Transforma la experiencia de tu cliente Replica digitalmente habilidades blandas e interacci\u00f3n humana Capacita tu personal de forma escalable, con menos costos y libre de riesgos Conoce los servicios de la l\u00ednea de Experiencias de RV y RA: Realidad Aumentada \/ Realidad Virtual1Ninus Desarrollo WebSoluciones webRealidad Virtual y Realidad Aumentada al alcance de un click. Creamos tus entornos digitales en la nube, accede a ellos desde cualquier dispositivo (m\u00f3vil o escritorio), simplemente ingresa al link especializado y crea experiencias inmersivas. Sin necesidad de descargar nada, solo con un link, nuestras soluciones web tienen un mayor alcance que cualquier otra alternativa en el mercado. Realidad Aumentada \/ Realidad Virtual2Ninus Desarrollo AppSoluciones AppPara soluciones con mayores requerimientos pero con el mismo nivel de alcance que la tecnolog\u00eda m\u00f3vil existen los desarrollos app VR\/AR. Proyecta realidad aumentada o realidad virtual desde una aplicaci\u00f3n m\u00f3vil especializada para tu marca. Realidad Virtual3Ninus VR visionTraining Lab VR OculusCrea entornos para capacitar y entrenar. Desde escenarios de alto riesgo, hasta simulaci\u00f3n de interacciones humanas, el l\u00edmite est\u00e1 en tu imaginaci\u00f3n.Contamos con un equipo de expertos en ilustraci\u00f3n 3D para hacer de tus experiencias en el Training Lab lo m\u00e1s cercanas a la realidad. Entrena a tus operarios sobre una nueva maquinaria, o capacita a tus empleados en atenci\u00f3n al servicio al cliente. Ninus Experience4Ninus ExperienceExperiencias interactivas techCrea experiencias \u00fanicas a trav\u00e9s de la tecnolog\u00eda. Desde sensores de movimiento y proximidad hasta sistemas de detecci\u00f3n de emosiones. Empleamos las \u00faltimas tendencias en tecnolog\u00eda para traer el mundo digital a la experiencia del cliente. CONT\u00c1CTANOSEVENTOS VIRTUALES NINUS","protected":false},"author":1,"featured_media":0,"parent":0,"menu_order":0,"comment_status":"closed","ping_status":"closed","template":"","meta":{"content-type":"","_exactmetrics_skip_tracking":false,"_exactmetrics_sitenote_active":false,"_exactmetrics_sitenote_note":"","_exactmetrics_sitenote_category":0,"footnotes":""},"class_list":["post-55019","page","type-page","status-publish","hentry"],"yoast_head":"<!-- This site is optimized with the Yoast SEO plugin v24.9 - https:\/\/yoast.com\/wordpress\/plugins\/seo\/ -->\n<title>Realidad Virtual y Aumentada - Ninus Design &amp; Technology<\/title>\n<meta name=\"robots\" content=\"index, follow, max-snippet:-1, max-image-preview:large, max-video-preview:-1\" \/>\n<link rel=\"canonical\" href=\"https:\/\/ninus.co\/es\/experiencias-de-cliente-vr-ar\/\" \/>\n<meta property=\"og:locale\" content=\"es_ES\" \/>\n<meta property=\"og:type\" content=\"article\" \/>\n<meta property=\"og:title\" content=\"Realidad Virtual y Aumentada - Ninus Design &amp; Technology\" \/>\n<meta property=\"og:url\" content=\"https:\/\/ninus.co\/es\/experiencias-de-cliente-vr-ar\/\" \/>\n<meta property=\"og:site_name\" content=\"Ninus Design &amp; Technology\" \/>\n<meta property=\"article:publisher\" content=\"https:\/\/www.facebook.com\/NinusDyT\/\" \/>\n<meta property=\"article:modified_time\" content=\"2020-10-01T00:10:45+00:00\" \/>\n<meta name=\"twitter:card\" content=\"summary_large_image\" \/>\n<meta name=\"twitter:site\" content=\"@Ninus_deyt\" \/>\n<meta name=\"twitter:label1\" content=\"Tiempo de lectura\" \/>\n\t<meta name=\"twitter:data1\" content=\"5 minutos\" \/>\n<script type=\"application\/ld+json\" class=\"yoast-schema-graph\">{\"@context\":\"https:\/\/schema.org\",\"@graph\":[{\"@type\":\"WebPage\",\"@id\":\"https:\/\/ninus.co\/es\/experiencias-de-cliente-vr-ar\/\",\"url\":\"https:\/\/ninus.co\/es\/experiencias-de-cliente-vr-ar\/\",\"name\":\"Realidad Virtual y Aumentada - Ninus Design &amp; Technology\",\"isPartOf\":{\"@id\":\"https:\/\/ninus.co\/es\/#website\"},\"datePublished\":\"2018-11-06T19:44:59+00:00\",\"dateModified\":\"2020-10-01T00:10:45+00:00\",\"breadcrumb\":{\"@id\":\"https:\/\/ninus.co\/es\/experiencias-de-cliente-vr-ar\/#breadcrumb\"},\"inLanguage\":\"es-CO\",\"potentialAction\":[{\"@type\":\"ReadAction\",\"target\":[\"https:\/\/ninus.co\/es\/experiencias-de-cliente-vr-ar\/\"]}]},{\"@type\":\"BreadcrumbList\",\"@id\":\"https:\/\/ninus.co\/es\/experiencias-de-cliente-vr-ar\/#breadcrumb\",\"itemListElement\":[{\"@type\":\"ListItem\",\"position\":1,\"name\":\"Home\",\"item\":\"https:\/\/ninus.co\/\"},{\"@type\":\"ListItem\",\"position\":2,\"name\":\"Realidad Virtual y Aumentada\"}]},{\"@type\":\"WebSite\",\"@id\":\"https:\/\/ninus.co\/es\/#website\",\"url\":\"https:\/\/ninus.co\/es\/\",\"name\":\"Ninus Design & Technology\",\"description\":\"Creando el futuro\",\"publisher\":{\"@id\":\"https:\/\/ninus.co\/es\/#organization\"},\"potentialAction\":[{\"@type\":\"SearchAction\",\"target\":{\"@type\":\"EntryPoint\",\"urlTemplate\":\"https:\/\/ninus.co\/es\/?s={search_term_string}\"},\"query-input\":{\"@type\":\"PropertyValueSpecification\",\"valueRequired\":true,\"valueName\":\"search_term_string\"}}],\"inLanguage\":\"es-CO\"},{\"@type\":\"Organization\",\"@id\":\"https:\/\/ninus.co\/es\/#organization\",\"name\":\"Ninus Design & Technology\",\"url\":\"https:\/\/ninus.co\/es\/\",\"logo\":{\"@type\":\"ImageObject\",\"inLanguage\":\"es-CO\",\"@id\":\"https:\/\/ninus.co\/es\/#\/schema\/logo\/image\/\",\"url\":\"https:\/\/ninus.co\/wp-content\/uploads\/2019\/04\/Logo-nuevo-fondo-transparente-1.png\",\"contentUrl\":\"https:\/\/ninus.co\/wp-content\/uploads\/2019\/04\/Logo-nuevo-fondo-transparente-1.png\",\"width\":960,\"height\":960,\"caption\":\"Ninus Design & Technology\"},\"image\":{\"@id\":\"https:\/\/ninus.co\/es\/#\/schema\/logo\/image\/\"},\"sameAs\":[\"https:\/\/www.facebook.com\/NinusDyT\/\",\"https:\/\/x.com\/Ninus_deyt\",\"https:\/\/www.instagram.com\/ninusdesignandtechnology\/\",\"https:\/\/www.linkedin.com\/company\/ninusdyt\/\",\"https:\/\/www.youtube.com\/channel\/UCmR4PVtt0mg5TnaQpt--rLQ\"]}]}<\/script>\n<!-- \/ Yoast SEO plugin. -->","yoast_head_json":{"title":"Realidad Virtual y Aumentada - Ninus Design &amp; Technology","robots":{"index":"index","follow":"follow","max-snippet":"max-snippet:-1","max-image-preview":"max-image-preview:large","max-video-preview":"max-video-preview:-1"},"canonical":"https:\/\/ninus.co\/es\/experiencias-de-cliente-vr-ar\/","og_locale":"es_ES","og_type":"article","og_title":"Realidad Virtual y Aumentada - Ninus Design &amp; Technology","og_url":"https:\/\/ninus.co\/es\/experiencias-de-cliente-vr-ar\/","og_site_name":"Ninus Design &amp; Technology","article_publisher":"https:\/\/www.facebook.com\/NinusDyT\/","article_modified_time":"2020-10-01T00:10:45+00:00","twitter_card":"summary_large_image","twitter_site":"@Ninus_deyt","twitter_misc":{"Tiempo de lectura":"5 minutos"},"schema":{"@context":"https:\/\/schema.org","@graph":[{"@type":"WebPage","@id":"https:\/\/ninus.co\/es\/experiencias-de-cliente-vr-ar\/","url":"https:\/\/ninus.co\/es\/experiencias-de-cliente-vr-ar\/","name":"Realidad Virtual y Aumentada - Ninus Design &amp; Technology","isPartOf":{"@id":"https:\/\/ninus.co\/es\/#website"},"datePublished":"2018-11-06T19:44:59+00:00","dateModified":"2020-10-01T00:10:45+00:00","breadcrumb":{"@id":"https:\/\/ninus.co\/es\/experiencias-de-cliente-vr-ar\/#breadcrumb"},"inLanguage":"es-CO","potentialAction":[{"@type":"ReadAction","target":["https:\/\/ninus.co\/es\/experiencias-de-cliente-vr-ar\/"]}]},{"@type":"BreadcrumbList","@id":"https:\/\/ninus.co\/es\/experiencias-de-cliente-vr-ar\/#breadcrumb","itemListElement":[{"@type":"ListItem","position":1,"name":"Home","item":"https:\/\/ninus.co\/"},{"@type":"ListItem","position":2,"name":"Realidad Virtual y Aumentada"}]},{"@type":"WebSite","@id":"https:\/\/ninus.co\/es\/#website","url":"https:\/\/ninus.co\/es\/","name":"Ninus Design & Technology","description":"Creando el futuro","publisher":{"@id":"https:\/\/ninus.co\/es\/#organization"},"potentialAction":[{"@type":"SearchAction","target":{"@type":"EntryPoint","urlTemplate":"https:\/\/ninus.co\/es\/?s={search_term_string}"},"query-input":{"@type":"PropertyValueSpecification","valueRequired":true,"valueName":"search_term_string"}}],"inLanguage":"es-CO"},{"@type":"Organization","@id":"https:\/\/ninus.co\/es\/#organization","name":"Ninus Design & Technology","url":"https:\/\/ninus.co\/es\/","logo":{"@type":"ImageObject","inLanguage":"es-CO","@id":"https:\/\/ninus.co\/es\/#\/schema\/logo\/image\/","url":"https:\/\/ninus.co\/wp-content\/uploads\/2019\/04\/Logo-nuevo-fondo-transparente-1.png","contentUrl":"https:\/\/ninus.co\/wp-content\/uploads\/2019\/04\/Logo-nuevo-fondo-transparente-1.png","width":960,"height":960,"caption":"Ninus Design & Technology"},"image":{"@id":"https:\/\/ninus.co\/es\/#\/schema\/logo\/image\/"},"sameAs":["https:\/\/www.facebook.com\/NinusDyT\/","https:\/\/x.com\/Ninus_deyt","https:\/\/www.instagram.com\/ninusdesignandtechnology\/","https:\/\/www.linkedin.com\/company\/ninusdyt\/","https:\/\/www.youtube.com\/channel\/UCmR4PVtt0mg5TnaQpt--rLQ"]}]}},"_links":{"self":[{"href":"https:\/\/ninus.co\/es\/wp-json\/wp\/v2\/pages\/55019"}],"collection":[{"href":"https:\/\/ninus.co\/es\/wp-json\/wp\/v2\/pages"}],"about":[{"href":"https:\/\/ninus.co\/es\/wp-json\/wp\/v2\/types\/page"}],"author":[{"embeddable":true,"href":"https:\/\/ninus.co\/es\/wp-json\/wp\/v2\/users\/1"}],"replies":[{"embeddable":true,"href":"https:\/\/ninus.co\/es\/wp-json\/wp\/v2\/comments?post=55019"}],"version-history":[{"count":67,"href":"https:\/\/ninus.co\/es\/wp-json\/wp\/v2\/pages\/55019\/revisions"}],"predecessor-version":[{"id":55876,"href":"https:\/\/ninus.co\/es\/wp-json\/wp\/v2\/pages\/55019\/revisions\/55876"}],"wp:attachment":[{"href":"https:\/\/ninus.co\/es\/wp-json\/wp\/v2\/media?parent=55019"}],"curies":[{"name":"wp","href":"https:\/\/api.w.org\/{rel}","templated":true}]}}