{"id":1344,"date":"2018-06-18T05:42:09","date_gmt":"2018-06-18T05:42:09","guid":{"rendered":"http:\/\/ninus.co\/full-width\/"},"modified":"2018-11-28T20:57:55","modified_gmt":"2018-11-28T20:57:55","slug":"portafolio","status":"publish","type":"page","link":"https:\/\/ninus.co\/es\/portafolio\/","title":{"rendered":"Portafolio"},"content":{"rendered":"<div class=\"wpb-content-wrapper\"><!-- CWS Row --><div class=\"cws-content\" style=\"background-size:;\"><div class=\"vc_row wpb_row vc_row-fluid\"><div class=\"wpb_column vc_column_container vc_col-sm-12 cws-column\"><div class=\"cws_vc_column-inner \"><div class=\"wpb_column vc_column_container vc_col-sm-12\"><div class=\"vc_column-inner\"><div class=\"wpb_wrapper\"><section id='cws_portfolio_posts_grid_69deba2cd03ab' class='posts_grid cws_portfolio_posts_grid cws_portfolio_posts_grid isotope_init posts_grid_4 posts_grid_grid simple_filter render_styles ' data-style='&quot;&quot;' data-col='4'><h2 class='widgettitle text_alignleft'>Experiencias AR\/VR<\/h2><div class='cws_vc_shortcode_wrapper layout-masonry'><div class='cws_vc_shortcode_grid isotope masonry'><div class='grid-sizer'><\/div><article id='post_post_69deba2cd4fed' class='experiencia-de-cliente-vr-ar tax_portfolio item portfolio_item_post portfolio_item_grid_post item clearfix appear_style hoverdef'  data-masonry-col='1'  data-masonry-line='1' ><div class='item_content'><div class='post_media post_post_media post_posts_grid_post_media'><div class='pic'><img src='https:\/\/ninus.co\/wp-content\/uploads\/2018\/11\/portafolio_010e0096cc_55210.jpg' data-at2x='https:\/\/ninus.co\/wp-content\/uploads\/2018\/11\/portafolio_010e0096cc_55210@2x.jpg'  alt='portafolio' \/><\/div><\/div><div class='cws_portfolio_content_wrap'><div class='links_wrap'><\/div><a href='https:\/\/ninus.co\/es\/portfolio\/ninus-training-lab-oculus\/' class='links area'><\/a><div class='desc_img'><h3 class='cws_portfolio_post_title post_title text_aligncenter'><a href='https:\/\/ninus.co\/es\/portfolio\/ninus-training-lab-oculus\/'>NINUS TRAINING LAB  OCULUS<\/a><\/h3><div class='cws_portfolio_post_terms post_terms text_aligncenter'>&#x20;<a href='https:\/\/ninus.co\/es\/portfolio_cat\/experiencia-de-cliente-vr-ar\/'>Experiencia de cliente VR\/AR<\/a><\/div><\/div><\/div><\/div><\/article><article id='post_post_69deba2cd5f54' class='experiencia-de-cliente-vr-ar tax_portfolio item portfolio_item_post portfolio_item_grid_post item clearfix appear_style hoverdef'  data-masonry-col='1'  data-masonry-line='1' ><div class='item_content'><div class='post_media post_post_media post_posts_grid_post_media'><div class='pic'><img src='https:\/\/ninus.co\/wp-content\/uploads\/2018\/11\/surface-945444_1920-1_010e0096cc_55085.jpg' data-at2x='https:\/\/ninus.co\/wp-content\/uploads\/2018\/11\/surface-945444_1920-1_010e0096cc_55085@2x.jpg'  alt='surface-945444_1920 (1)' \/><\/div><\/div><div class='cws_portfolio_content_wrap'><div class='links_wrap'><\/div><a href='https:\/\/ninus.co\/es\/portfolio\/ninus-experience\/' class='links area'><\/a><div class='desc_img'><h3 class='cws_portfolio_post_title post_title text_aligncenter'><a href='https:\/\/ninus.co\/es\/portfolio\/ninus-experience\/'>Ninus Experience<\/a><\/h3><div class='cws_portfolio_post_terms post_terms text_aligncenter'>&#x20;<a href='https:\/\/ninus.co\/es\/portfolio_cat\/experiencia-de-cliente-vr-ar\/'>Experiencia de cliente VR\/AR<\/a><\/div><\/div><\/div><\/div><\/article><article id='post_post_69deba2cd6a83' class='experiencia-de-cliente-vr-ar tax_portfolio item portfolio_item_post portfolio_item_grid_post item clearfix appear_style hoverdef'  data-masonry-col='1'  data-masonry-line='1' ><div class='item_content'><div class='post_media post_post_media post_posts_grid_post_media'><div class='pic'><img src='https:\/\/ninus.co\/wp-content\/uploads\/2018\/06\/2_010e0096cc_2309.jpg' data-at2x='https:\/\/ninus.co\/wp-content\/uploads\/2018\/06\/2_010e0096cc_2309@2x.jpg'  alt='2' \/><\/div><\/div><div class='cws_portfolio_content_wrap'><div class='links_wrap'><\/div><a href='https:\/\/ninus.co\/es\/portfolio\/soluciones-web-app-vr-ar\/' class='links area'><\/a><div class='desc_img'><h3 class='cws_portfolio_post_title post_title text_aligncenter'><a href='https:\/\/ninus.co\/es\/portfolio\/soluciones-web-app-vr-ar\/'>SOLUCIONES WEB &#038; APP VR\/AR<\/a><\/h3><div class='cws_portfolio_post_terms post_terms text_aligncenter'>&#x20;<a href='https:\/\/ninus.co\/es\/portfolio_cat\/experiencia-de-cliente-vr-ar\/'>Experiencia de cliente VR\/AR<\/a><\/div><\/div><\/div><\/div><\/article><\/div><\/div><\/section><\/div><\/div><\/div><!-- CWS Column --> <\/div><\/div><\/div><\/div><!-- CWS Row --><div class=\"cws-content\" style=\"background-size:;\"><div class=\"vc_row wpb_row vc_row-fluid\"><div class=\"wpb_column vc_column_container vc_col-sm-12 cws-column\"><div class=\"cws_vc_column-inner \"><div class=\"wpb_column vc_column_container vc_col-sm-12\"><div class=\"vc_column-inner\"><div class=\"wpb_wrapper\"><section id='cws_portfolio_posts_grid_69deba2cd733c' class='posts_grid cws_portfolio_posts_grid cws_portfolio_posts_grid isotope_init posts_grid_4 posts_grid_grid simple_filter render_styles ' data-style='&quot;&quot;' data-col='4'><h2 class='widgettitle text_alignleft'>Inteligencia Artificial<\/h2><div class='cws_vc_shortcode_wrapper layout-masonry'><div class='cws_vc_shortcode_grid isotope masonry'><div class='grid-sizer'><\/div><article id='post_post_69deba2cd8ad9' class='inteligencia-artificial tax_portfolio item portfolio_item_post portfolio_item_grid_post item clearfix appear_style hoverdef'  data-masonry-col='1'  data-masonry-line='1' ><div class='item_content'><div class='post_media post_post_media post_posts_grid_post_media'><div class='pic'><img src='https:\/\/ninus.co\/wp-content\/uploads\/2018\/11\/ndgfgdfgerve-cell-2213009_1920_010e0096cc_55158.jpg' data-at2x='https:\/\/ninus.co\/wp-content\/uploads\/2018\/11\/ndgfgdfgerve-cell-2213009_1920_010e0096cc_55158@2x.jpg'  alt='ndgfgdfgerve-cell-2213009_1920' \/><\/div><\/div><div class='cws_portfolio_content_wrap'><div class='links_wrap'><\/div><a href='https:\/\/ninus.co\/es\/portfolio\/instagram-bot\/' class='links area'><\/a><div class='desc_img'><h3 class='cws_portfolio_post_title post_title text_aligncenter'><a href='https:\/\/ninus.co\/es\/portfolio\/instagram-bot\/'>Instagram Bot<\/a><\/h3><div class='cws_portfolio_post_terms post_terms text_aligncenter'>&#x20;<a href='https:\/\/ninus.co\/es\/portfolio_cat\/inteligencia-artificial\/'>Inteligencia Artificial<\/a><\/div><\/div><\/div><\/div><\/article><article id='post_post_69deba2cd94e2' class='inteligencia-artificial tax_portfolio item portfolio_item_post portfolio_item_grid_post item clearfix appear_style hoverdef'  data-masonry-col='1'  data-masonry-line='1' ><div class='item_content'><div class='post_media post_post_media post_posts_grid_post_media'><div class='pic'><img src='https:\/\/ninus.co\/wp-content\/uploads\/2018\/11\/1FF42_010e0096cc_55200.jpg' data-at2x='https:\/\/ninus.co\/wp-content\/uploads\/2018\/11\/1FF42_010e0096cc_55200@2x.jpg'  alt='1FF42' \/><\/div><\/div><div class='cws_portfolio_content_wrap'><div class='links_wrap'><\/div><a href='https:\/\/ninus.co\/es\/portfolio\/chatbots-ninus\/' class='links area'><\/a><div class='desc_img'><h3 class='cws_portfolio_post_title post_title text_aligncenter'><a href='https:\/\/ninus.co\/es\/portfolio\/chatbots-ninus\/'>ChatBots Ninus<\/a><\/h3><div class='cws_portfolio_post_terms post_terms text_aligncenter'>&#x20;<a href='https:\/\/ninus.co\/es\/portfolio_cat\/inteligencia-artificial\/'>Inteligencia Artificial<\/a><\/div><\/div><\/div><\/div><\/article><article id='post_post_69deba2cda0d8' class='inteligencia-artificial tax_portfolio item portfolio_item_post portfolio_item_grid_post item clearfix appear_style hoverdef'  data-masonry-col='1'  data-masonry-line='1' ><div class='item_content'><div class='post_media post_post_media post_posts_grid_post_media'><div class='pic'><img src='https:\/\/ninus.co\/wp-content\/uploads\/2018\/11\/Ayyyy1-01_010e0096cc_55107.jpg' data-at2x='https:\/\/ninus.co\/wp-content\/uploads\/2018\/11\/Ayyyy1-01_010e0096cc_55107@2x.jpg'  alt='Ayyyy1-01' \/><\/div><\/div><div class='cws_portfolio_content_wrap'><div class='links_wrap'><\/div><a href='https:\/\/ninus.co\/es\/portfolio\/asistente-ninus\/' class='links area'><\/a><div class='desc_img'><h3 class='cws_portfolio_post_title post_title text_aligncenter'><a href='https:\/\/ninus.co\/es\/portfolio\/asistente-ninus\/'>Asistente Ninus<\/a><\/h3><div class='cws_portfolio_post_terms post_terms text_aligncenter'>&#x20;<a href='https:\/\/ninus.co\/es\/portfolio_cat\/inteligencia-artificial\/'>Inteligencia Artificial<\/a><\/div><\/div><\/div><\/div><\/article><\/div><\/div><\/section><\/div><\/div><\/div><!-- CWS Column --> <\/div><\/div><\/div><\/div><!-- CWS Row --><div class=\"cws-content\" style=\"background-size:;\"><div class=\"vc_row wpb_row vc_row-fluid\"><div class=\"wpb_column vc_column_container vc_col-sm-12 cws-column\"><div class=\"cws_vc_column-inner \"><div class=\"wpb_column vc_column_container vc_col-sm-12\"><div class=\"vc_column-inner\"><div class=\"wpb_wrapper\"><section id='cws_portfolio_posts_grid_69deba2cda994' class='posts_grid cws_portfolio_posts_grid cws_portfolio_posts_grid isotope_init posts_grid_4 posts_grid_grid simple_filter render_styles ' data-style='&quot;&quot;' data-col='4'><h2 class='widgettitle text_alignleft'>Consultoria Digital<\/h2><div class='cws_vc_shortcode_wrapper layout-masonry'><div class='cws_vc_shortcode_grid isotope masonry'><div class='grid-sizer'><\/div><article id='post_post_69deba2cdc72d' class='consultoria tax_portfolio item portfolio_item_post portfolio_item_grid_post item clearfix appear_style hoverdef'  data-masonry-col='1'  data-masonry-line='1' ><div class='item_content'><div class='post_media post_post_media post_posts_grid_post_media'><div class='pic'><img src='https:\/\/ninus.co\/wp-content\/uploads\/2018\/11\/nosotros-banner_010e0096cc_55067.jpg' data-at2x='https:\/\/ninus.co\/wp-content\/uploads\/2018\/11\/nosotros-banner_010e0096cc_55067@2x.jpg'  alt='nosotros banner' \/><\/div><\/div><div class='cws_portfolio_content_wrap'><div class='links_wrap'><\/div><a href='https:\/\/ninus.co\/es\/portfolio\/consultoria-marketing-digital\/' class='links area'><\/a><div class='desc_img'><h3 class='cws_portfolio_post_title post_title text_aligncenter'><a href='https:\/\/ninus.co\/es\/portfolio\/consultoria-marketing-digital\/'>Consultor\u00eda  Marketing Digital<\/a><\/h3><div class='cws_portfolio_post_terms post_terms text_aligncenter'>&#x20;<a href='https:\/\/ninus.co\/es\/portfolio_cat\/consultoria\/'>consultoria<\/a><\/div><\/div><\/div><\/div><\/article><article id='post_post_69deba2cdd3c4' class='consultoria tax_portfolio item portfolio_item_post portfolio_item_grid_post item clearfix appear_style hoverdef'  data-masonry-col='1'  data-masonry-line='1' ><div class='item_content'><div class='post_media post_post_media post_posts_grid_post_media'><div class='pic'><img src='https:\/\/ninus.co\/wp-content\/uploads\/2018\/11\/YUH01987_010e0096cc_55098.jpg' data-at2x='https:\/\/ninus.co\/wp-content\/uploads\/2018\/11\/YUH01987_010e0096cc_55098@2x.jpg'  alt='YUH01987' \/><\/div><\/div><div class='cws_portfolio_content_wrap'><div class='links_wrap'><\/div><a href='https:\/\/ninus.co\/es\/portfolio\/consultoria-de-procesos\/' class='links area'><\/a><div class='desc_img'><h3 class='cws_portfolio_post_title post_title text_aligncenter'><a href='https:\/\/ninus.co\/es\/portfolio\/consultoria-de-procesos\/'>Consultor\u00eda  De Procesos<\/a><\/h3><div class='cws_portfolio_post_terms post_terms text_aligncenter'>&#x20;<a href='https:\/\/ninus.co\/es\/portfolio_cat\/consultoria\/'>consultoria<\/a><\/div><\/div><\/div><\/div><\/article><article id='post_post_69deba2cddb09' class='consultoria tax_portfolio item portfolio_item_post portfolio_item_grid_post item clearfix appear_style hoverdef'  data-masonry-col='1'  data-masonry-line='1' ><div class='item_content'><div class='post_media post_post_media post_posts_grid_post_media'><div class='pic'><img src='' data-no-retina  alt='Consultor\u00eda  Supply Chain Management' \/><\/div><\/div><div class='cws_portfolio_content_wrap'><div class='links_wrap'><\/div><a href='https:\/\/ninus.co\/es\/portfolio\/consultoria-supply-chain-management\/' class='links area'><\/a><div class='desc_img'><h3 class='cws_portfolio_post_title post_title text_aligncenter'><a href='https:\/\/ninus.co\/es\/portfolio\/consultoria-supply-chain-management\/'>Consultor\u00eda  Supply Chain Management<\/a><\/h3><div class='cws_portfolio_post_terms post_terms text_aligncenter'>&#x20;<a href='https:\/\/ninus.co\/es\/portfolio_cat\/consultoria\/'>consultoria<\/a><\/div><\/div><\/div><\/div><\/article><\/div><\/div><\/section><\/div><\/div><\/div><!-- CWS Column --> <\/div><\/div><\/div><\/div>\n<\/div>","protected":false},"excerpt":{"rendered":"Mejora la experiencia de tu usuarioLlevamos la inteligencia artificial m\u00e1s all\u00e1. Con un avatar en 3D, le damos una cara humana a nuestra inteligencia artificial para hacer la interacci\u00f3n lo m\u00e1s amigable posible. Muestra emociones con una interfaz gr\u00e1fica,\u00a0 despliega un nuevo asistente para tu negocio. Nuestro asistente aprende como un ser humano, entr\u00e9nala para que interact\u00fae como tu lo necesites. Desde realizar entrevistas automatizadas hasta ser la nueva cara de atenci\u00f3n del cliente para tu empresa. Creemos que la mejor forma de entender un servicio es prob\u00e1ndolo, por eso te invitamos a que conozcas a Nina, nuestro Avatar 3D para Ninus Design And Technology. Cont\u00e1ctanos para que podamos desarrollar tu asistente digital y tengas a tu disposici\u00f3n las herramientas empresariales del futuro. IMPORTANTE: actualmente solo opera en ingl\u00e9s, te invitamos a que est\u00e9s atento para nuestro lanzamiento en espa\u00f1ol.","protected":false},"author":1,"featured_media":0,"parent":0,"menu_order":0,"comment_status":"closed","ping_status":"closed","template":"","meta":{"content-type":"","_exactmetrics_skip_tracking":false,"_exactmetrics_sitenote_active":false,"_exactmetrics_sitenote_note":"","_exactmetrics_sitenote_category":0,"footnotes":""},"class_list":["post-1344","page","type-page","status-publish","hentry"],"yoast_head":"<!-- This site is optimized with the Yoast SEO plugin v24.9 - https:\/\/yoast.com\/wordpress\/plugins\/seo\/ -->\n<title>Portafolio - Ninus Design &amp; Technology<\/title>\n<meta name=\"robots\" content=\"index, follow, max-snippet:-1, max-image-preview:large, max-video-preview:-1\" \/>\n<link rel=\"canonical\" href=\"https:\/\/ninus.co\/es\/portafolio\/\" \/>\n<meta property=\"og:locale\" content=\"es_ES\" \/>\n<meta property=\"og:type\" content=\"article\" \/>\n<meta property=\"og:title\" content=\"Portafolio - Ninus Design &amp; Technology\" \/>\n<meta property=\"og:url\" content=\"https:\/\/ninus.co\/es\/portafolio\/\" \/>\n<meta property=\"og:site_name\" content=\"Ninus Design &amp; Technology\" \/>\n<meta property=\"article:publisher\" content=\"https:\/\/www.facebook.com\/NinusDyT\/\" \/>\n<meta property=\"article:modified_time\" content=\"2018-11-28T20:57:55+00:00\" \/>\n<meta name=\"twitter:card\" content=\"summary_large_image\" \/>\n<meta name=\"twitter:site\" content=\"@Ninus_deyt\" \/>\n<meta name=\"twitter:label1\" content=\"Tiempo de lectura\" \/>\n\t<meta name=\"twitter:data1\" content=\"1 minuto\" \/>\n<script type=\"application\/ld+json\" class=\"yoast-schema-graph\">{\"@context\":\"https:\/\/schema.org\",\"@graph\":[{\"@type\":\"WebPage\",\"@id\":\"https:\/\/ninus.co\/es\/portafolio\/\",\"url\":\"https:\/\/ninus.co\/es\/portafolio\/\",\"name\":\"Portafolio - Ninus Design &amp; Technology\",\"isPartOf\":{\"@id\":\"https:\/\/ninus.co\/es\/#website\"},\"datePublished\":\"2018-06-18T05:42:09+00:00\",\"dateModified\":\"2018-11-28T20:57:55+00:00\",\"breadcrumb\":{\"@id\":\"https:\/\/ninus.co\/es\/portafolio\/#breadcrumb\"},\"inLanguage\":\"es-CO\",\"potentialAction\":[{\"@type\":\"ReadAction\",\"target\":[\"https:\/\/ninus.co\/es\/portafolio\/\"]}]},{\"@type\":\"BreadcrumbList\",\"@id\":\"https:\/\/ninus.co\/es\/portafolio\/#breadcrumb\",\"itemListElement\":[{\"@type\":\"ListItem\",\"position\":1,\"name\":\"Home\",\"item\":\"https:\/\/ninus.co\/\"},{\"@type\":\"ListItem\",\"position\":2,\"name\":\"Portafolio\"}]},{\"@type\":\"WebSite\",\"@id\":\"https:\/\/ninus.co\/es\/#website\",\"url\":\"https:\/\/ninus.co\/es\/\",\"name\":\"Ninus Design & Technology\",\"description\":\"Creando el futuro\",\"publisher\":{\"@id\":\"https:\/\/ninus.co\/es\/#organization\"},\"potentialAction\":[{\"@type\":\"SearchAction\",\"target\":{\"@type\":\"EntryPoint\",\"urlTemplate\":\"https:\/\/ninus.co\/es\/?s={search_term_string}\"},\"query-input\":{\"@type\":\"PropertyValueSpecification\",\"valueRequired\":true,\"valueName\":\"search_term_string\"}}],\"inLanguage\":\"es-CO\"},{\"@type\":\"Organization\",\"@id\":\"https:\/\/ninus.co\/es\/#organization\",\"name\":\"Ninus Design & Technology\",\"url\":\"https:\/\/ninus.co\/es\/\",\"logo\":{\"@type\":\"ImageObject\",\"inLanguage\":\"es-CO\",\"@id\":\"https:\/\/ninus.co\/es\/#\/schema\/logo\/image\/\",\"url\":\"https:\/\/ninus.co\/wp-content\/uploads\/2019\/04\/Logo-nuevo-fondo-transparente-1.png\",\"contentUrl\":\"https:\/\/ninus.co\/wp-content\/uploads\/2019\/04\/Logo-nuevo-fondo-transparente-1.png\",\"width\":960,\"height\":960,\"caption\":\"Ninus Design & Technology\"},\"image\":{\"@id\":\"https:\/\/ninus.co\/es\/#\/schema\/logo\/image\/\"},\"sameAs\":[\"https:\/\/www.facebook.com\/NinusDyT\/\",\"https:\/\/x.com\/Ninus_deyt\",\"https:\/\/www.instagram.com\/ninusdesignandtechnology\/\",\"https:\/\/www.linkedin.com\/company\/ninusdyt\/\",\"https:\/\/www.youtube.com\/channel\/UCmR4PVtt0mg5TnaQpt--rLQ\"]}]}<\/script>\n<!-- \/ Yoast SEO plugin. -->","yoast_head_json":{"title":"Portafolio - Ninus Design &amp; Technology","robots":{"index":"index","follow":"follow","max-snippet":"max-snippet:-1","max-image-preview":"max-image-preview:large","max-video-preview":"max-video-preview:-1"},"canonical":"https:\/\/ninus.co\/es\/portafolio\/","og_locale":"es_ES","og_type":"article","og_title":"Portafolio - Ninus Design &amp; Technology","og_url":"https:\/\/ninus.co\/es\/portafolio\/","og_site_name":"Ninus Design &amp; Technology","article_publisher":"https:\/\/www.facebook.com\/NinusDyT\/","article_modified_time":"2018-11-28T20:57:55+00:00","twitter_card":"summary_large_image","twitter_site":"@Ninus_deyt","twitter_misc":{"Tiempo de lectura":"1 minuto"},"schema":{"@context":"https:\/\/schema.org","@graph":[{"@type":"WebPage","@id":"https:\/\/ninus.co\/es\/portafolio\/","url":"https:\/\/ninus.co\/es\/portafolio\/","name":"Portafolio - Ninus Design &amp; Technology","isPartOf":{"@id":"https:\/\/ninus.co\/es\/#website"},"datePublished":"2018-06-18T05:42:09+00:00","dateModified":"2018-11-28T20:57:55+00:00","breadcrumb":{"@id":"https:\/\/ninus.co\/es\/portafolio\/#breadcrumb"},"inLanguage":"es-CO","potentialAction":[{"@type":"ReadAction","target":["https:\/\/ninus.co\/es\/portafolio\/"]}]},{"@type":"BreadcrumbList","@id":"https:\/\/ninus.co\/es\/portafolio\/#breadcrumb","itemListElement":[{"@type":"ListItem","position":1,"name":"Home","item":"https:\/\/ninus.co\/"},{"@type":"ListItem","position":2,"name":"Portafolio"}]},{"@type":"WebSite","@id":"https:\/\/ninus.co\/es\/#website","url":"https:\/\/ninus.co\/es\/","name":"Ninus Design & Technology","description":"Creando el futuro","publisher":{"@id":"https:\/\/ninus.co\/es\/#organization"},"potentialAction":[{"@type":"SearchAction","target":{"@type":"EntryPoint","urlTemplate":"https:\/\/ninus.co\/es\/?s={search_term_string}"},"query-input":{"@type":"PropertyValueSpecification","valueRequired":true,"valueName":"search_term_string"}}],"inLanguage":"es-CO"},{"@type":"Organization","@id":"https:\/\/ninus.co\/es\/#organization","name":"Ninus Design & Technology","url":"https:\/\/ninus.co\/es\/","logo":{"@type":"ImageObject","inLanguage":"es-CO","@id":"https:\/\/ninus.co\/es\/#\/schema\/logo\/image\/","url":"https:\/\/ninus.co\/wp-content\/uploads\/2019\/04\/Logo-nuevo-fondo-transparente-1.png","contentUrl":"https:\/\/ninus.co\/wp-content\/uploads\/2019\/04\/Logo-nuevo-fondo-transparente-1.png","width":960,"height":960,"caption":"Ninus Design & Technology"},"image":{"@id":"https:\/\/ninus.co\/es\/#\/schema\/logo\/image\/"},"sameAs":["https:\/\/www.facebook.com\/NinusDyT\/","https:\/\/x.com\/Ninus_deyt","https:\/\/www.instagram.com\/ninusdesignandtechnology\/","https:\/\/www.linkedin.com\/company\/ninusdyt\/","https:\/\/www.youtube.com\/channel\/UCmR4PVtt0mg5TnaQpt--rLQ"]}]}},"_links":{"self":[{"href":"https:\/\/ninus.co\/es\/wp-json\/wp\/v2\/pages\/1344"}],"collection":[{"href":"https:\/\/ninus.co\/es\/wp-json\/wp\/v2\/pages"}],"about":[{"href":"https:\/\/ninus.co\/es\/wp-json\/wp\/v2\/types\/page"}],"author":[{"embeddable":true,"href":"https:\/\/ninus.co\/es\/wp-json\/wp\/v2\/users\/1"}],"replies":[{"embeddable":true,"href":"https:\/\/ninus.co\/es\/wp-json\/wp\/v2\/comments?post=1344"}],"version-history":[{"count":18,"href":"https:\/\/ninus.co\/es\/wp-json\/wp\/v2\/pages\/1344\/revisions"}],"predecessor-version":[{"id":55308,"href":"https:\/\/ninus.co\/es\/wp-json\/wp\/v2\/pages\/1344\/revisions\/55308"}],"wp:attachment":[{"href":"https:\/\/ninus.co\/es\/wp-json\/wp\/v2\/media?parent=1344"}],"curies":[{"name":"wp","href":"https:\/\/api.w.org\/{rel}","templated":true}]}}