{"id":55543,"date":"2020-03-31T21:20:06","date_gmt":"2020-03-31T21:20:06","guid":{"rendered":"https:\/\/ninus.co\/?page_id=55543"},"modified":"2020-10-01T00:01:01","modified_gmt":"2020-10-01T00:01:01","slug":"analitica-de-datos","status":"publish","type":"page","link":"https:\/\/ninus.co\/en\/analitica-de-datos\/","title":{"rendered":"Data Analytics"},"content":{"rendered":"<div class=\"wpb-content-wrapper\"><!-- CWS Row --><div class=\"cws-content\" style=\"background-size:;\"><div class=\"vc_row wpb_row vc_row-fluid\"><div class=\"wpb_column vc_column_container vc_col-sm-12 cws-column\"><div class=\"cws_vc_column-inner\"><div class=\"wpb_column vc_column_container vc_col-sm-12\"><div class=\"vc_column-inner\"><div class=\"wpb_wrapper\"><div class='cws_textmodule cws_vc_shortcode_module' id='cws_textmodule_69d7b483d23b0'><div class='cws_textmodule_wrapper'><div class='cws_textmodule_text text_align_left'><div class='cws_textmodule_titles display_block'><\/div><div class='cws_textmodule_content'><div class='text_content_wrapper'><p class=\"p1 translation-block\">Data Analytics will allow your company to obtain valuable knowledge <br>\nregarding the information collected and knowing what can often be invisible to the eyes.<\/p>\n<blockquote>\n<p class=\"p1\">\u00a0Recognize the value of your company's data and make better informed decisions \"<\/p>\n<\/blockquote>\n<p class=\"p1\">By understanding the business, cleaning and organizing the data, and applying different techniques, Data Analytics will provide added value by understanding new scenarios and making better decisions in an increasingly dynamic market.<\/p>\n<\/div><\/div><\/div><\/div><\/div><\/div><\/div><\/div><!-- CWS Column --> <\/div><\/div><\/div><\/div><!-- CWS Row --><div class=\"cws-content\" style=\"background-size:;\"><div class=\"vc_row wpb_row vc_row-fluid vc_custom_1543322941768\"><div class=\"wpb_column vc_column_container vc_col-sm-6 cws-column\"><div class=\"cws_vc_column-inner\"><div class=\"wpb_column vc_column_container vc_col-sm-6\"><div class=\"vc_column-inner\"><div class=\"wpb_wrapper\">\n\t<div class=\"wpb_text_column wpb_content_element\" >\n\t\t<div class=\"wpb_wrapper\">\n\t\t\t<ul>\n<li>Start your Data Governance<\/li>\n<\/ul>\n\n\t\t<\/div>\n\t<\/div>\n<\/div><\/div><\/div><!-- CWS Column --> <\/div><\/div><div class=\"wpb_column vc_column_container vc_col-sm-6 cws-column\"><div class=\"cws_vc_column-inner\"><div class=\"wpb_column vc_column_container vc_col-sm-6\"><div class=\"vc_column-inner\"><div class=\"wpb_wrapper\">\n\t<div class=\"wpb_text_column wpb_content_element\" >\n\t\t<div class=\"wpb_wrapper\">\n\t\t\t<ul>\n<li>85% certainty level in our service.<\/li>\n<\/ul>\n\n\t\t<\/div>\n\t<\/div>\n<\/div><\/div><\/div><!-- CWS Column --> <\/div><\/div><\/div><\/div><!-- CWS Row --><div class=\"cws-content\" style=\"background-size:;\"><div class=\"vc_row wpb_row vc_row-fluid\"><div class=\"wpb_column vc_column_container vc_col-sm-12 cws-column\"><div class=\"cws_vc_column-inner\"><div class=\"wpb_column vc_column_container vc_col-sm-12\"><div class=\"vc_column-inner\"><div class=\"wpb_wrapper\"><div class=\"vc_empty_space\"   style=\"height: 20px\"><span class=\"vc_empty_space_inner\"><\/span><\/div>\n\t<div class=\"wpb_text_column wpb_content_element wpb_animate_when_almost_visible wpb_fadeIn fadeIn vc_custom_1585690017857\" >\n\t\t<div class=\"wpb_wrapper\">\n\t\t\t<h4 style=\"text-align: center;\">Learn about the services of the Data Analytics line:<\/h4>\n\n\t\t<\/div>\n\t<\/div>\n<\/div><\/div><\/div><!-- CWS Column --> <\/div><\/div><\/div><\/div><!-- CWS Row --><div class=\"cws-content\" style=\"background-size:;\"><div data-vc-full-width=\"true\" data-vc-full-width-init=\"false\" data-vc-stretch-content=\"true\" data-vc-parallax=\"1.5\" data-vc-parallax-image=\"https:\/\/ninus.co\/wp-content\/uploads\/2020\/04\/textura_analitica_datos.png\" class=\"vc_row wpb_row vc_row-fluid vc_custom_1585709094523 vc_row-has-fill vc_row-no-padding vc_general vc_parallax vc_parallax-content-moving\"><div class=\"wpb_column vc_column_container vc_col-sm-4 cws-column\"><div class=\"cws_vc_column-inner\"><div class=\"wpb_column vc_column_container vc_col-sm-4\"><div class=\"vc_column-inner\"><div class=\"wpb_wrapper\"><div id='cws_benefits_item_69d7b483d4ba1' class='cws_benefits_item'><div class='cws_benefits_info_wrapper'><div class='benefits_category'>Artificial intelligence<\/div><div class='benefits_subtitle_wrapper'><span class='benefits_subtitle_note'>1<\/span><\/div><h4 class='benefits_title'>advisory<\/h4><div class='benefits_description_wrapper'><div class='benefits_description'>Know what you can obtain with your company's data, let us globally analyze the data and needs so that you obtain the maximum potential.<\/div><\/div><\/div><\/div><\/div><\/div><\/div><!-- CWS Column --> <\/div><\/div><div class=\"wpb_column vc_column_container vc_col-sm-4 cws-column\"><div class=\"cws_vc_column-inner\"><div class=\"wpb_column vc_column_container vc_col-sm-4\"><div class=\"vc_column-inner\"><div class=\"wpb_wrapper\"><div id='cws_benefits_item_69d7b483d4eb0' class='cws_benefits_item'><div class='cws_benefits_info_wrapper'><div class='benefits_category'>Artificial intelligence<\/div><div class='benefits_subtitle_wrapper'><span class='benefits_subtitle_note'>2<\/span><\/div><h4 class='benefits_title'>Descriptive Data Analytics<\/h4><div class='benefits_description_wrapper'><div class='benefits_description'>Through a statistical analysis, and with knowledge of your business, we will provide information on the current behavior of the company according to the data collected. It is a first approach that will allow you to know where and how your company is and in this way make decisions.<\/div><\/div><\/div><\/div><\/div><\/div><\/div><!-- CWS Column --> <\/div><\/div><div class=\"wpb_column vc_column_container vc_col-sm-4 cws-column\"><div class=\"cws_vc_column-inner\"><div class=\"wpb_column vc_column_container vc_col-sm-4\"><div class=\"vc_column-inner\"><div class=\"wpb_wrapper\"><div id='cws_benefits_item_69d7b483d51df' class='cws_benefits_item'><div class='cws_benefits_info_wrapper'><div class='benefits_category'>Artificial intelligence<\/div><div class='benefits_subtitle_wrapper'><span class='benefits_subtitle_note'>3<\/span><\/div><h4 class='benefits_title'>Predictive Data Analytics<\/h4><div class='benefits_description_wrapper'><div class='benefits_description'>With variables collected from the environment and the business itself, you will not only be able to know where and how your company is located, but also, you will obtain information about what will happen in the future if you continue to behave in the same way, allowing you to know ahead of time what will happen and make better informed decisions.<\/div><\/div><\/div><\/div><\/div><\/div><\/div><!-- CWS Column --> <\/div><\/div><\/div><div class=\"vc_row-full-width vc_clearfix\"><\/div><\/div><!-- CWS Row --><div class=\"cws-content\" style=\"background-size:;\"><div class=\"vc_row wpb_row vc_row-fluid\"><div class=\"wpb_column vc_column_container vc_col-sm-12 cws-column\"><div class=\"cws_vc_column-inner\"><div class=\"wpb_column vc_column_container vc_col-sm-12\"><div class=\"vc_column-inner\"><div class=\"wpb_wrapper\"><div class=\"vc_empty_space\"   style=\"height: 30px\"><span class=\"vc_empty_space_inner\"><\/span><\/div><div class='sc_button_wrapper align-center mobile-align-center'><div id='cws_vc_shortcode_button_69d7b483d57d6' class='cws_custom_button_wrapper cws_sc_button regular advanced'><span><a href='https:\/\/ninus.co\/en\/contactanos\/' class='cws_custom_button'><span>Contact us<\/span><\/a><\/span><\/div><\/div><div class=\"vc_empty_space\"   style=\"height: 30px\"><span class=\"vc_empty_space_inner\"><\/span><\/div><\/div><\/div><\/div><!-- CWS Column --> <\/div><\/div><\/div><\/div>\n<\/div>","protected":false},"excerpt":{"rendered":"La Anal\u00edtica de Datos permitir\u00e1 que tu empresa obtenga conocimiento de valor respecto a la informaci\u00f3n recopilada y que conozca lo que muchas veces puede ser invisible ante los ojos. \u00a0Reconoce el valor de los datos de tu empresa y toma decisiones mejores informadas&#8221; Mediante el entendimiento del negocio, la limpieza y organizaci\u00f3n de los datos y la aplicaci\u00f3n de diferentes t\u00e9cnicas, la Anal\u00edtica de Datos brindar\u00e1 un valor agregado al entender nuevos panoramas y tomar mejores decisiones en un mercado cada vez m\u00e1s din\u00e1mico. Inicia tu Gobernanza de Datos Nivel de certeza del 85% en nuestro servicio. Conoce los servicios de la l\u00ednea de Anal\u00edtica de Datos: Inteligencia Artificial1Asesor\u00edaConoce qu\u00e9 puedes obtener con los datos de tu empresa, perm\u00edtenos analizar globalmente los datos y necesidades para que obtengas el m\u00e1ximo potencial. Inteligencia Artificial2Anal\u00edtica de Datos DescriptivaMediante un an\u00e1lisis estad\u00edstico, y con conocimiento de tu negocio, brindaremos informaci\u00f3n del comportamiento actual la empresa seg\u00fan los datos recolectados. Es un primer acercamiento que permitir\u00e1 conocer en d\u00f3nde y c\u00f3mo se encuentra tu empresa y de esta manera tomar decisiones. Inteligencia Artificial3Anal\u00edtica de Datos PredictivaCon variables recolectadas del medio y del negocio mismo, podr\u00e1s no solo saber en d\u00f3nde y c\u00f3mo se encuentra tu empresa, si no que a su vez, obtendr\u00e1s informaci\u00f3n de lo que pasar\u00e1 en el futuro de seguir comport\u00e1ndose de la misma manera, permitiendo que conozcas de antemano lo que suceder\u00e1 y tomar decisiones mejores informadas. Cont\u00e1ctanos","protected":false},"author":2,"featured_media":0,"parent":0,"menu_order":0,"comment_status":"closed","ping_status":"closed","template":"","meta":{"content-type":"","_exactmetrics_skip_tracking":false,"_exactmetrics_sitenote_active":false,"_exactmetrics_sitenote_note":"","_exactmetrics_sitenote_category":0,"footnotes":""},"class_list":["post-55543","page","type-page","status-publish","hentry"],"yoast_head":"<!-- This site is optimized with the Yoast SEO plugin v24.9 - https:\/\/yoast.com\/wordpress\/plugins\/seo\/ -->\n<title>Anal\u00edtica de Datos - Ninus Design &amp; Technology<\/title>\n<meta name=\"robots\" content=\"index, follow, max-snippet:-1, max-image-preview:large, max-video-preview:-1\" \/>\n<link rel=\"canonical\" href=\"https:\/\/ninus.co\/en\/analitica-de-datos\/\" \/>\n<meta property=\"og:locale\" content=\"en_US\" \/>\n<meta property=\"og:type\" content=\"article\" \/>\n<meta property=\"og:title\" content=\"Anal\u00edtica de Datos - Ninus Design &amp; Technology\" \/>\n<meta property=\"og:url\" content=\"https:\/\/ninus.co\/en\/analitica-de-datos\/\" \/>\n<meta property=\"og:site_name\" content=\"Ninus Design &amp; Technology\" \/>\n<meta property=\"article:publisher\" content=\"https:\/\/www.facebook.com\/NinusDyT\/\" \/>\n<meta property=\"article:modified_time\" content=\"2020-10-01T00:01:01+00:00\" \/>\n<meta name=\"twitter:card\" content=\"summary_large_image\" \/>\n<meta name=\"twitter:site\" content=\"@Ninus_deyt\" \/>\n<meta name=\"twitter:label1\" content=\"Est. reading time\" \/>\n\t<meta name=\"twitter:data1\" content=\"3 minutes\" \/>\n<script type=\"application\/ld+json\" class=\"yoast-schema-graph\">{\"@context\":\"https:\/\/schema.org\",\"@graph\":[{\"@type\":\"WebPage\",\"@id\":\"https:\/\/ninus.co\/es\/analitica-de-datos\/\",\"url\":\"https:\/\/ninus.co\/es\/analitica-de-datos\/\",\"name\":\"Anal\u00edtica de Datos - Ninus Design &amp; Technology\",\"isPartOf\":{\"@id\":\"https:\/\/ninus.co\/es\/#website\"},\"datePublished\":\"2020-03-31T21:20:06+00:00\",\"dateModified\":\"2020-10-01T00:01:01+00:00\",\"breadcrumb\":{\"@id\":\"https:\/\/ninus.co\/es\/analitica-de-datos\/#breadcrumb\"},\"inLanguage\":\"en-US\",\"potentialAction\":[{\"@type\":\"ReadAction\",\"target\":[\"https:\/\/ninus.co\/es\/analitica-de-datos\/\"]}]},{\"@type\":\"BreadcrumbList\",\"@id\":\"https:\/\/ninus.co\/es\/analitica-de-datos\/#breadcrumb\",\"itemListElement\":[{\"@type\":\"ListItem\",\"position\":1,\"name\":\"Home\",\"item\":\"https:\/\/ninus.co\/\"},{\"@type\":\"ListItem\",\"position\":2,\"name\":\"Anal\u00edtica de Datos\"}]},{\"@type\":\"WebSite\",\"@id\":\"https:\/\/ninus.co\/es\/#website\",\"url\":\"https:\/\/ninus.co\/es\/\",\"name\":\"Ninus Design & Technology\",\"description\":\"Creando el futuro\",\"publisher\":{\"@id\":\"https:\/\/ninus.co\/es\/#organization\"},\"potentialAction\":[{\"@type\":\"SearchAction\",\"target\":{\"@type\":\"EntryPoint\",\"urlTemplate\":\"https:\/\/ninus.co\/es\/?s={search_term_string}\"},\"query-input\":{\"@type\":\"PropertyValueSpecification\",\"valueRequired\":true,\"valueName\":\"search_term_string\"}}],\"inLanguage\":\"en-US\"},{\"@type\":\"Organization\",\"@id\":\"https:\/\/ninus.co\/es\/#organization\",\"name\":\"Ninus Design & Technology\",\"url\":\"https:\/\/ninus.co\/es\/\",\"logo\":{\"@type\":\"ImageObject\",\"inLanguage\":\"en-US\",\"@id\":\"https:\/\/ninus.co\/es\/#\/schema\/logo\/image\/\",\"url\":\"https:\/\/ninus.co\/wp-content\/uploads\/2019\/04\/Logo-nuevo-fondo-transparente-1.png\",\"contentUrl\":\"https:\/\/ninus.co\/wp-content\/uploads\/2019\/04\/Logo-nuevo-fondo-transparente-1.png\",\"width\":960,\"height\":960,\"caption\":\"Ninus Design & Technology\"},\"image\":{\"@id\":\"https:\/\/ninus.co\/es\/#\/schema\/logo\/image\/\"},\"sameAs\":[\"https:\/\/www.facebook.com\/NinusDyT\/\",\"https:\/\/x.com\/Ninus_deyt\",\"https:\/\/www.instagram.com\/ninusdesignandtechnology\/\",\"https:\/\/www.linkedin.com\/company\/ninusdyt\/\",\"https:\/\/www.youtube.com\/channel\/UCmR4PVtt0mg5TnaQpt--rLQ\"]}]}<\/script>\n<!-- \/ Yoast SEO plugin. -->","yoast_head_json":{"title":"Anal\u00edtica de Datos - Ninus Design &amp; Technology","robots":{"index":"index","follow":"follow","max-snippet":"max-snippet:-1","max-image-preview":"max-image-preview:large","max-video-preview":"max-video-preview:-1"},"canonical":"https:\/\/ninus.co\/en\/analitica-de-datos\/","og_locale":"en_US","og_type":"article","og_title":"Anal\u00edtica de Datos - Ninus Design &amp; Technology","og_url":"https:\/\/ninus.co\/en\/analitica-de-datos\/","og_site_name":"Ninus Design &amp; Technology","article_publisher":"https:\/\/www.facebook.com\/NinusDyT\/","article_modified_time":"2020-10-01T00:01:01+00:00","twitter_card":"summary_large_image","twitter_site":"@Ninus_deyt","twitter_misc":{"Est. reading time":"3 minutes"},"schema":{"@context":"https:\/\/schema.org","@graph":[{"@type":"WebPage","@id":"https:\/\/ninus.co\/es\/analitica-de-datos\/","url":"https:\/\/ninus.co\/es\/analitica-de-datos\/","name":"Anal\u00edtica de Datos - Ninus Design &amp; Technology","isPartOf":{"@id":"https:\/\/ninus.co\/es\/#website"},"datePublished":"2020-03-31T21:20:06+00:00","dateModified":"2020-10-01T00:01:01+00:00","breadcrumb":{"@id":"https:\/\/ninus.co\/es\/analitica-de-datos\/#breadcrumb"},"inLanguage":"en-US","potentialAction":[{"@type":"ReadAction","target":["https:\/\/ninus.co\/es\/analitica-de-datos\/"]}]},{"@type":"BreadcrumbList","@id":"https:\/\/ninus.co\/es\/analitica-de-datos\/#breadcrumb","itemListElement":[{"@type":"ListItem","position":1,"name":"Home","item":"https:\/\/ninus.co\/"},{"@type":"ListItem","position":2,"name":"Anal\u00edtica de Datos"}]},{"@type":"WebSite","@id":"https:\/\/ninus.co\/es\/#website","url":"https:\/\/ninus.co\/es\/","name":"Ninus Design & Technology","description":"Creando el futuro","publisher":{"@id":"https:\/\/ninus.co\/es\/#organization"},"potentialAction":[{"@type":"SearchAction","target":{"@type":"EntryPoint","urlTemplate":"https:\/\/ninus.co\/es\/?s={search_term_string}"},"query-input":{"@type":"PropertyValueSpecification","valueRequired":true,"valueName":"search_term_string"}}],"inLanguage":"en-US"},{"@type":"Organization","@id":"https:\/\/ninus.co\/es\/#organization","name":"Ninus Design & Technology","url":"https:\/\/ninus.co\/es\/","logo":{"@type":"ImageObject","inLanguage":"en-US","@id":"https:\/\/ninus.co\/es\/#\/schema\/logo\/image\/","url":"https:\/\/ninus.co\/wp-content\/uploads\/2019\/04\/Logo-nuevo-fondo-transparente-1.png","contentUrl":"https:\/\/ninus.co\/wp-content\/uploads\/2019\/04\/Logo-nuevo-fondo-transparente-1.png","width":960,"height":960,"caption":"Ninus Design & Technology"},"image":{"@id":"https:\/\/ninus.co\/es\/#\/schema\/logo\/image\/"},"sameAs":["https:\/\/www.facebook.com\/NinusDyT\/","https:\/\/x.com\/Ninus_deyt","https:\/\/www.instagram.com\/ninusdesignandtechnology\/","https:\/\/www.linkedin.com\/company\/ninusdyt\/","https:\/\/www.youtube.com\/channel\/UCmR4PVtt0mg5TnaQpt--rLQ"]}]}},"_links":{"self":[{"href":"https:\/\/ninus.co\/en\/wp-json\/wp\/v2\/pages\/55543"}],"collection":[{"href":"https:\/\/ninus.co\/en\/wp-json\/wp\/v2\/pages"}],"about":[{"href":"https:\/\/ninus.co\/en\/wp-json\/wp\/v2\/types\/page"}],"author":[{"embeddable":true,"href":"https:\/\/ninus.co\/en\/wp-json\/wp\/v2\/users\/2"}],"replies":[{"embeddable":true,"href":"https:\/\/ninus.co\/en\/wp-json\/wp\/v2\/comments?post=55543"}],"version-history":[{"count":20,"href":"https:\/\/ninus.co\/en\/wp-json\/wp\/v2\/pages\/55543\/revisions"}],"predecessor-version":[{"id":55867,"href":"https:\/\/ninus.co\/en\/wp-json\/wp\/v2\/pages\/55543\/revisions\/55867"}],"wp:attachment":[{"href":"https:\/\/ninus.co\/en\/wp-json\/wp\/v2\/media?parent=55543"}],"curies":[{"name":"wp","href":"https:\/\/api.w.org\/{rel}","templated":true}]}}